{"id":6835,"date":"2018-09-18T13:05:34","date_gmt":"2018-09-18T13:05:34","guid":{"rendered":"http:\/\/fabien-carre.com\/?page_id=6835"},"modified":"2026-03-19T12:51:26","modified_gmt":"2026-03-19T11:51:26","slug":"projets-clients","status":"publish","type":"page","link":"http:\/\/fabien-carre.com\/en\/realisations\/projets-clients\/","title":{"rendered":"CLIENT WORK"},"content":{"rendered":"<div class=\"one ppb_card_two_cols_with_image\" style=\"position: relative; padding: 40px 0 40px 0;\">\n<div class=\"standard_wrapper\">\n<div class=\"page_content_wrapper\">\n<div class=\"inner\">\n<div class=\"one_half parallax_scroll\" style=\"width: 40%; position: absolute; padding: 40px; z-index: 2; block !important;background: #fff;\" data-stellar-ratio=\"1.3\">\n<h2 class=\"ppb_title\">CNRS Documentaries<\/h2>\n<\/div>\n<div class=\"one_half parallax_scroll_image last\" style=\"width: 65%;\">\n<div class=\"image_classic_frame expand\">\n<div class=\"image_wrapper\"><a href=\"https:\/\/fabien-carre.com\/en\/realisations\/projets-clients\/reportages-cnrs\/\"><img decoding=\"async\" class=\"portfolio_img\" src=\"http:\/\/fabien-carre.com\/wp-content\/uploads\/2023\/11\/GIBRALTAR-IMAGE-29.jpg\" alt=\"\" \/><\/div>\n<\/div>\n<\/div>\n<p>&nbsp;<\/p>\n<\/div>\n<\/div>\n<\/div>\n<\/div>\n<div class=\"one ppb_card_two_cols_with_image\" style=\"position: relative; padding: 40px 0 40px 0;\">\n<div class=\"standard_wrapper\">\n<div class=\"page_content_wrapper\">\n<div class=\"inner\">\n<div class=\"one_half parallax_scroll_image\" style=\"width: 65%;\">\n<div class=\"image_classic_frame expand\">\n<div class=\"image_wrapper\"><a href=\"https:\/\/fabien-carre.com\/en\/realisations\/projets-clients\/start-up\/\"><img decoding=\"async\" class=\"portfolio_img\" src=\"http:\/\/fabien-carre.com\/wp-content\/uploads\/2020\/03\/MagIA-screenshot_7.jpg\" alt=\"\" \/><\/a><\/div>\n<\/div>\n<\/div>\n<div class=\"one_half last parallax_scroll\" style=\"width: 40%; position: absolute; padding: 40px; background: #fff;\" data-stellar-ratio=\"1.3\">\n<h2 class=\"ppb_title\">Start-up<\/h2>\n<\/div>\n<p>&nbsp;<\/p>\n<div class=\"one ppb_card_two_cols_with_image\" style=\"position: relative; padding: 40px 0 40px 0;\">\n<div class=\"standard_wrapper\">\n<div class=\"page_content_wrapper\">\n<div class=\"inner\">\n<div class=\"one_half parallax_scroll\" style=\"width: 40%; position: absolute; padding: 40px; z-index: 2; block !important;background: #fff;\" data-stellar-ratio=\"1.3\">\n<h2 class=\"ppb_title\">CNRS \u2013 VIVATECH<\/h2>\n<\/div>\n<div class=\"one_half parallax_scroll_image last\" style=\"width: 65%;\">\n<div class=\"image_classic_frame expand\">\n<div class=\"image_wrapper\"><a href=\"http:\/\/fabien-carre.com\/en\/realisations\/projets-clients\/cnrs-vivatech-2019\/\"><img decoding=\"async\" class=\"portfolio_img\" src=\"http:\/\/fabien-carre.com\/wp-content\/uploads\/2019\/05\/CNRS-1.jpg\" alt=\"\" \/><\/div>\n<\/div>\n<\/div>\n<p>&nbsp;<\/p>\n<div class=\"one ppb_card_two_cols_with_image\" style=\"position: relative; padding: 40px 0 40px 0;\">\n<div class=\"standard_wrapper\">\n<div class=\"page_content_wrapper\">\n<div class=\"inner\">\n<div class=\"one_half parallax_scroll_image\" style=\"width: 65%;\">\n<div class=\"image_classic_frame expand\">\n<div class=\"image_wrapper\"><a href=\"https:\/\/fabien-carre.com\/en\/realisations\/projets-clients\/college-de-france\/\"><img decoding=\"async\" class=\"portfolio_img\" src=\"http:\/\/fabien-carre.com\/wp-content\/uploads\/2026\/03\/Kalulu-2.jpg\" alt=\"\" \/><\/div>\n<\/div>\n<\/div>\n<div class=\"one_half last parallax_scroll\" style=\"width: 40%; position: absolute; padding: 40px; background: #fff;\" data-stellar-ratio=\"1.3\">\n<h2 class=\"ppb_title\">Coll\u00e8ge de France<\/h2>\n<\/div>\n<p>&nbsp;<\/p>\n<div class=\"one ppb_card_two_cols_with_image\" style=\"position: relative; padding: 40px 0 40px 0;\">\n<div class=\"standard_wrapper\">\n<div class=\"page_content_wrapper\">\n<div class=\"inner\">\n<div class=\"one_half parallax_scroll\" style=\"width: 40%; position: absolute; padding: 40px; z-index: 2; block !important;background: #fff;\" data-stellar-ratio=\"1.3\">\n<h2 class=\"ppb_title\">Documentary series - Handmade<\/h2>\n<\/div>\n<div class=\"one_half parallax_scroll_image last\" style=\"width: 65%;\">\n<div class=\"image_classic_frame expand\">\n<div class=\"image_wrapper\"><a href=\"http:\/\/fabien-carre.com\/fr\/realisations\/projets-clients\/serie-documentaire-fait-main\/\"><img decoding=\"async\" class=\"portfolio_img\" src=\"http:\/\/fabien-carre.com\/wp-content\/uploads\/2021\/09\/P1644596.jpg\" alt=\"\" \/><\/div>\n<\/div>\n<\/div>\n<p>&nbsp;<\/p>\n<div class=\"one ppb_card_two_cols_with_image\" style=\"position: relative; padding: 40px 0 40px 0;\">\n<div class=\"standard_wrapper\">\n<div class=\"page_content_wrapper\">\n<div class=\"inner\">\n<div class=\"one_half parallax_scroll_image\" style=\"width: 65%;\">\n<div class=\"image_classic_frame expand\">\n<div class=\"image_wrapper\"><a href=\"http:\/\/fabien-carre.com\/fr\/realisations\/projets-clients\/musee-des-beaux-arts-de-lyon\/\"><img decoding=\"async\" class=\"portfolio_img\" src=\"http:\/\/fabien-carre.com\/wp-content\/uploads\/2021\/08\/MUSEE-LYON-PRESENTATION_9.jpg\" alt=\"\" \/><\/div>\n<\/div>\n<\/div>\n<div class=\"one_half last parallax_scroll\" style=\"width: 40%; position: absolute; padding: 40px; background: #fff;\" data-stellar-ratio=\"1.3\">\n<h2 class=\"ppb_title\">Museum of Fine Arts of Lyon<\/h2>\n<\/div>\n<p>&nbsp;<\/p>\n<div class=\"one ppb_card_two_cols_with_image\" style=\"position: relative; padding: 40px 0 40px 0;\">\n<div class=\"standard_wrapper\">\n<div class=\"page_content_wrapper\">\n<div class=\"inner\">\n<div class=\"one_half parallax_scroll\" style=\"width: 40%; position: absolute; padding: 40px; z-index: 2; block !important;background: #fff;\" data-stellar-ratio=\"1.3\">\n<h2 class=\"ppb_title\">Babylab Lyon<\/h2>\n<\/div>\n<div class=\"one_half parallax_scroll_image last\" style=\"width: 65%;\">\n<div class=\"image_classic_frame expand\">\n<div class=\"image_wrapper\"><a href=\"https:\/\/fabien-carre.com\/en\/realisations\/projets-clients\/babylab-lyon\/\"><img decoding=\"async\" class=\"portfolio_img\" src=\"http:\/\/fabien-carre.com\/wp-content\/uploads\/2026\/01\/BABYLAB-LYON_screenshot-1.jpg\" alt=\"\" \/><\/div>\n<\/div>\n<\/div>\n<p>&nbsp;<\/p>\n<div class=\"one ppb_card_two_cols_with_image\" style=\"position: relative; padding: 40px 0 40px 0;\">\n<div class=\"standard_wrapper\">\n<div class=\"page_content_wrapper\">\n<div class=\"inner\">\n<div class=\"one_half parallax_scroll_image\" style=\"width: 65%;\">\n<div class=\"image_classic_frame expand\">\n<div class=\"image_wrapper\"><a href=\"http:\/\/fabien-carre.com\/fr\/realisations\/projets-clients\/parc-national-des-calanques\/\"><img decoding=\"async\" class=\"portfolio_img\" src=\"http:\/\/fabien-carre.com\/wp-content\/uploads\/2020\/03\/P2066118-Pano.jpg\" alt=\"\" \/><\/div>\n<\/div>\n<\/div>\n<div class=\"one_half last parallax_scroll\" style=\"width: 40%; position: absolute; padding: 40px; background: #fff;\" data-stellar-ratio=\"1.3\">\n<h2 class=\"ppb_title\">Calanques National Park<\/h2>\n<\/div>\n<p>&nbsp;<\/p>\n<div class=\"one ppb_card_two_cols_with_image\" style=\"position: relative; padding: 40px 0 40px 0;\">\n<div class=\"standard_wrapper\">\n<div class=\"page_content_wrapper\">\n<div class=\"inner\">\n<div class=\"one_half parallax_scroll\" style=\"width: 40%; position: absolute; padding: 40px; z-index: 2; block !important;background: #fff;\" data-stellar-ratio=\"1.3\">\n<h2 class=\"ppb_title\">Auditorium-Orchestre national de Lyon<\/h2>\n<\/div>\n<div class=\"one_half parallax_scroll_image last\" style=\"width: 65%;\">\n<div class=\"image_classic_frame expand\">\n<div class=\"image_wrapper\"><a href=\"https:\/\/fabien-carre.com\/fr\/realisations\/projets-clients\/auditorium-orchestre-national-de-lyon\/\"><img decoding=\"async\" class=\"portfolio_img\" src=\"http:\/\/fabien-carre.com\/wp-content\/uploads\/2023\/01\/Concert-gospel-2022_3.jpg\" alt=\"\" \/><\/a><\/div>\n<\/div>\n<\/div>\n<p>&nbsp;<\/p>\n<\/div>\n<\/div>\n<\/div>\n<\/div>\n<div class=\"one ppb_card_two_cols_with_image\" style=\"position: relative; padding: 40px 0 40px 0;\">\n<div class=\"standard_wrapper\">\n<div class=\"page_content_wrapper\">\n<div class=\"inner\">\n<div class=\"one_half parallax_scroll_image\" style=\"width: 65%;\">\n<div class=\"image_classic_frame expand\">\n<div class=\"image_wrapper\"><a href=\"http:\/\/fabien-carre.com\/fr\/realisations\/projets-clients\/cnrs-medailles-de-linnovation-2019\/\"><img decoding=\"async\" class=\"portfolio_img\" src=\"http:\/\/fabien-carre.com\/wp-content\/uploads\/2019\/12\/LIVIO-DE-LUCA-1.jpg\" alt=\"\" \/><\/a><\/div>\n<\/div>\n<\/div>\n<div class=\"one_half last parallax_scroll\" style=\"width: 40%; position: absolute; padding: 40px; background: #fff;\" data-stellar-ratio=\"1.3\">\n<h2 class=\"ppb_title\">CNRS \u2013 M\u00e9dailles de l&rsquo;innovation<\/h2>\n<\/div>\n<p>&nbsp;<\/p>\n<div class=\"one ppb_card_two_cols_with_image\" style=\"position: relative; padding: 40px 0 40px 0;\">\n<div class=\"standard_wrapper\">\n<div class=\"page_content_wrapper\">\n<div class=\"inner\">\n<div class=\"one_half parallax_scroll\" style=\"width: 40%; position: absolute; padding: 40px; z-index: 2; block !important;background: #fff;\" data-stellar-ratio=\"1.3\">\n<h2 class=\"ppb_title\">CNRS \u2013 La Saga des Inventions<\/h2>\n<\/div>\n<div class=\"one_half parallax_scroll_image last\" style=\"width: 65%;\">\n<div class=\"image_classic_frame expand\">\n<div class=\"image_wrapper\"><a href=\"http:\/\/fabien-carre.com\/fr\/realisations\/projets-clients\/cnrs-la-saga-des-inventions\/\"><img decoding=\"async\" class=\"portfolio_img\" src=\"http:\/\/fabien-carre.com\/wp-content\/uploads\/2019\/12\/Screenshot-Saga-des-Inventions-24.jpg\" alt=\"\" \/><\/div>\n<\/div>\n<\/div>\n<p>&nbsp;<\/p>\n<\/div>\n<\/div>\n<\/div>\n<\/div>\n<div class=\"one ppb_card_two_cols_with_image\" style=\"position: relative; padding: 40px 0 40px 0;\">\n<div class=\"standard_wrapper\">\n<div class=\"page_content_wrapper\">\n<div class=\"inner\">\n<div class=\"one_half parallax_scroll_image\" style=\"width: 65%;\">\n<div class=\"image_classic_frame expand\">\n<div class=\"image_wrapper\"><a href=\"http:\/\/fabien-carre.com\/fr\/realisations\/projets-clients\/clip-video-mauvaise-fille\/\"><img decoding=\"async\" class=\"portfolio_img\" src=\"http:\/\/fabien-carre.com\/wp-content\/uploads\/2020\/03\/Clip-Mauvaise-fille_screenshot-37.jpg\" alt=\"\" \/><\/a><\/div>\n<\/div>\n<\/div>\n<div class=\"one_half last parallax_scroll\" style=\"width: 40%; position: absolute; padding: 40px; background: #fff;\" data-stellar-ratio=\"1.3\">\n<h2 class=\"ppb_title\">CLIP VID\u00c9O \u00ab MAUVAISE FILLE \u00bb<\/h2>\n<\/div>\n<p>&nbsp;<\/p>\n<div class=\"one ppb_card_two_cols_with_image\" style=\"position: relative; padding: 40px 0 40px 0;\">\n<div class=\"standard_wrapper\">\n<div class=\"page_content_wrapper\">\n<div class=\"inner\">\n<div class=\"one_half parallax_scroll\" style=\"width: 40%; position: absolute; padding: 40px; z-index: 2; block !important;background: #fff;\" data-stellar-ratio=\"1.3\">\n<h2 class=\"ppb_title\">Ad\u00e9lie M\u00e9tayer<\/h2>\n<\/div>\n<div class=\"one_half parallax_scroll_image last\" style=\"width: 65%;\">\n<div class=\"image_classic_frame expand\">\n<div class=\"image_wrapper\"><a href=\"http:\/\/fabien-carre.com\/en\/realisations\/projets-clients\/adelie-metayer\/\"><img decoding=\"async\" class=\"portfolio_img\" src=\"http:\/\/fabien-carre.com\/wp-content\/uploads\/2020\/01\/Ade\u0301lie-2019_66.jpg\" alt=\"\" \/><\/a><\/div>\n<\/div>\n<\/div>\n<p>&nbsp;<\/p>\n<\/div>\n<\/div>\n<\/div>\n<\/div>\n<div class=\"one ppb_card_two_cols_with_image\" style=\"position: relative; padding: 40px 0 40px 0;\">\n<div class=\"standard_wrapper\">\n<div class=\"page_content_wrapper\">\n<div class=\"inner\">\n<div class=\"one_half parallax_scroll_image\" style=\"width: 65%;\">\n<div class=\"image_classic_frame expand\">\n<div class=\"image_wrapper\"><a href=\"http:\/\/fabien-carre.com\/en\/realisations\/projets-clients\/camper-co\/\"><img decoding=\"async\" class=\"portfolio_img\" src=\"http:\/\/fabien-carre.com\/wp-content\/uploads\/2018\/09\/NZ.jpg\" alt=\"\" \/><\/div>\n<\/div>\n<\/div>\n<div class=\"one_half last parallax_scroll\" style=\"width: 40%; position: absolute; padding: 40px; background: #fff;\" data-stellar-ratio=\"1.3\">\n<h2 class=\"ppb_title\">Camper Co New Zealand<\/h2>\n<\/div>\n<p>&nbsp;<\/p>\n<div class=\"one ppb_card_two_cols_with_image\" style=\"position: relative; padding: 40px 0 40px 0;\">\n<div class=\"standard_wrapper\">\n<div class=\"page_content_wrapper\">\n<div class=\"inner\">\n<div class=\"one_half parallax_scroll\" style=\"width: 40%; position: absolute; padding: 40px; z-index: 2; block !important;background: #fff;\" data-stellar-ratio=\"1.3\">\n<h2 class=\"ppb_title\">Knauf<\/h2>\n<\/div>\n<div class=\"one_half parallax_scroll_image last\" style=\"width: 65%;\">\n<div class=\"image_classic_frame expand\">\n<div class=\"image_wrapper\"><a href=\"https:\/\/fabien-carre.com\/en\/realisations\/projets-clients\/knauf\/\"><img decoding=\"async\" class=\"portfolio_img\" src=\"http:\/\/fabien-carre.com\/wp-content\/uploads\/2026\/03\/Knauf-4.jpg\" alt=\"\" \/><\/a><\/div>\n<\/div>\n<\/div>\n<p>&nbsp;<\/p>\n<\/div>\n<\/div>\n<\/div>\n<\/div>","protected":false},"excerpt":{"rendered":"<p>Reportages CNRS &nbsp; Start-up &nbsp; CNRS \u2013 VIVATECH &nbsp; Coll\u00e8ge de France &nbsp; S\u00e9rie documentaire &#8211; Fait main &nbsp; Mus\u00e9e des Beaux-Arts de Lyon &nbsp; Babylab Lyon &nbsp; Parc national des Calanques &nbsp; Auditorium-Orchestre national de Lyon &nbsp; CNRS \u2013 [&hellip;]<\/p>","protected":false},"author":1,"featured_media":7498,"parent":6829,"menu_order":0,"comment_status":"closed","ping_status":"closed","template":"","meta":{"footnotes":""},"class_list":["post-6835","page","type-page","status-publish","has-post-thumbnail","hentry"],"_links":{"self":[{"href":"http:\/\/fabien-carre.com\/en\/wp-json\/wp\/v2\/pages\/6835","targetHints":{"allow":["GET"]}}],"collection":[{"href":"http:\/\/fabien-carre.com\/en\/wp-json\/wp\/v2\/pages"}],"about":[{"href":"http:\/\/fabien-carre.com\/en\/wp-json\/wp\/v2\/types\/page"}],"author":[{"embeddable":true,"href":"http:\/\/fabien-carre.com\/en\/wp-json\/wp\/v2\/users\/1"}],"replies":[{"embeddable":true,"href":"http:\/\/fabien-carre.com\/en\/wp-json\/wp\/v2\/comments?post=6835"}],"version-history":[{"count":77,"href":"http:\/\/fabien-carre.com\/en\/wp-json\/wp\/v2\/pages\/6835\/revisions"}],"predecessor-version":[{"id":8408,"href":"http:\/\/fabien-carre.com\/en\/wp-json\/wp\/v2\/pages\/6835\/revisions\/8408"}],"up":[{"embeddable":true,"href":"http:\/\/fabien-carre.com\/en\/wp-json\/wp\/v2\/pages\/6829"}],"wp:featuredmedia":[{"embeddable":true,"href":"http:\/\/fabien-carre.com\/en\/wp-json\/wp\/v2\/media\/7498"}],"wp:attachment":[{"href":"http:\/\/fabien-carre.com\/en\/wp-json\/wp\/v2\/media?parent=6835"}],"curies":[{"name":"wp","href":"https:\/\/api.w.org\/{rel}","templated":true}]}}