{"id":6879,"date":"2018-09-18T16:18:44","date_gmt":"2018-09-18T16:18:44","guid":{"rendered":"http:\/\/fabien-carre.com\/?page_id=6879"},"modified":"2020-01-06T11:01:50","modified_gmt":"2020-01-06T10:01:50","slug":"adelie-metayer","status":"publish","type":"page","link":"http:\/\/fabien-carre.com\/en\/realisations\/projets-clients\/adelie-metayer\/","title":{"rendered":"Ad\u00e9lie M\u00e9tayer"},"content":{"rendered":"<p><iframe loading=\"lazy\" width=\"100%\" height=\"630\" src=\"https:\/\/www.youtube.com\/embed\/XMI32_AZVPY\" frameborder=\"0\" allow=\"accelerometer; autoplay; encrypted-media; gyroscope; picture-in-picture\" allowfullscreen><\/iframe><\/p>\n<\/div>\n<div class=\"parallax\" style=\"background-image: url('http:\/\/fabien-carre.com\/wp-content\/uploads\/2020\/01\/Ade\u0301lie-2019_43.jpg'); height: 60vh; margin-top: 40px; margin-bottom: 40px;\"><\/div>\n<div class=\"one\" style=\"margin-top: 50px; margin-bottom: 50px;\">\n<div class=\"one_half_bg parallax\" style=\"background-image: url('http:\/\/fabien-carre.com\/wp-content\/uploads\/2020\/01\/Ade\u0301lie-2019_54.jpg'); height: 600px;\"><\/div>\n<div class=\"one_half_bg\" style=\"padding: 40px;\">\n<h2 class=\"ppb_title\">Ad\u00e9lie M\u00e9tayer<\/h2>\n<div class=\"ppb_header_content\">\n<p>After making a first video a few years ago (visible below) for the launch of her eponymous brand of high-end wedding dresses, Ad\u00e9lie M\u00e9tayer wanted a second video to present her craft work. The goal was to present to her future clients the main stages of the creation of her dresses, where everything is done manually in her workshop, from the initial meeting with the designer until the final testing.<\/p>\n<p>White with all its nuances was the most important color to represent, because of all the symbolism of marriage associated with it.<\/p>\n<div style=\"padding:56.25% 0 0 0;position:relative;\"><iframe src=\"https:\/\/player.vimeo.com\/video\/150164417?color=91afaf&#038;title=0&#038;byline=0&#038;portrait=0\" style=\"position:absolute;top:0;left:0;width:100%;height:100%;\" frameborder=\"0\" webkitallowfullscreen mozallowfullscreen allowfullscreen><\/iframe><\/div>\n<p><script src=\"https:\/\/player.vimeo.com\/api\/player.js\"><\/script><\/p>\n<\/div>\n<\/div>\n<p>&nbsp;<\/p>\n<\/div>\n<div class=\"parallax\" style=\"background-image: url('http:\/\/fabien-carre.com\/wp-content\/uploads\/2020\/01\/Ade\u0301lie-2019_66.jpg'); height: 60vh; margin-top: 40px; margin-bottom: 40px;\"><\/div>\n<\/div>\n<div class=\"parallax\" style=\"background-image: url('http:\/\/fabien-carre.com\/wp-content\/uploads\/2020\/01\/Ade\u0301lie-2019_31.jpg'); height: 60vh; margin-top: 40px; margin-bottom: 40px;\"><\/div>\n<\/div>\n<div class=\"parallax\" style=\"background-image: url('http:\/\/fabien-carre.com\/wp-content\/uploads\/2020\/01\/Ade\u0301lie-2019_48.jpg'); height: 60vh; margin-top: 40px; margin-bottom: 40px;\"><\/div>","protected":false},"excerpt":{"rendered":"<p>Ad\u00e9lie M\u00e9tayer Apr\u00e8s la r\u00e9alisation d\u2019une premi\u00e8re vid\u00e9o il y a quelques ann\u00e9es (visible plus bas) pour le lancement de sa marque \u00e9ponyme de robes de mari\u00e9es haut de gamme, Ad\u00e9lie M\u00e9tayer a souhait\u00e9 une seconde vid\u00e9o pour pr\u00e9senter son [&hellip;]<\/p>","protected":false},"author":1,"featured_media":7822,"parent":6835,"menu_order":0,"comment_status":"closed","ping_status":"closed","template":"","meta":{"footnotes":""},"class_list":["post-6879","page","type-page","status-publish","has-post-thumbnail","hentry"],"_links":{"self":[{"href":"http:\/\/fabien-carre.com\/en\/wp-json\/wp\/v2\/pages\/6879","targetHints":{"allow":["GET"]}}],"collection":[{"href":"http:\/\/fabien-carre.com\/en\/wp-json\/wp\/v2\/pages"}],"about":[{"href":"http:\/\/fabien-carre.com\/en\/wp-json\/wp\/v2\/types\/page"}],"author":[{"embeddable":true,"href":"http:\/\/fabien-carre.com\/en\/wp-json\/wp\/v2\/users\/1"}],"replies":[{"embeddable":true,"href":"http:\/\/fabien-carre.com\/en\/wp-json\/wp\/v2\/comments?post=6879"}],"version-history":[{"count":19,"href":"http:\/\/fabien-carre.com\/en\/wp-json\/wp\/v2\/pages\/6879\/revisions"}],"predecessor-version":[{"id":7824,"href":"http:\/\/fabien-carre.com\/en\/wp-json\/wp\/v2\/pages\/6879\/revisions\/7824"}],"up":[{"embeddable":true,"href":"http:\/\/fabien-carre.com\/en\/wp-json\/wp\/v2\/pages\/6835"}],"wp:featuredmedia":[{"embeddable":true,"href":"http:\/\/fabien-carre.com\/en\/wp-json\/wp\/v2\/media\/7822"}],"wp:attachment":[{"href":"http:\/\/fabien-carre.com\/en\/wp-json\/wp\/v2\/media?parent=6879"}],"curies":[{"name":"wp","href":"https:\/\/api.w.org\/{rel}","templated":true}]}}