{"id":6898,"date":"2018-09-18T17:39:49","date_gmt":"2018-09-18T17:39:49","guid":{"rendered":"http:\/\/fabien-carre.com\/?page_id=6898"},"modified":"2024-06-26T18:17:12","modified_gmt":"2024-06-26T17:17:12","slug":"camper-co","status":"publish","type":"page","link":"http:\/\/fabien-carre.com\/en\/realisations\/projets-clients\/camper-co\/","title":{"rendered":"Camper Co New Zealand"},"content":{"rendered":"<div style=\"padding:56.25% 0 0 0;position:relative;\"><iframe src=\"https:\/\/player.vimeo.com\/video\/251479616?color=91afaf&#038;title=0&#038;byline=0&#038;portrait=0\" style=\"position:absolute;top:0;left:0;width:100%;height:100%;\" frameborder=\"0\" webkitallowfullscreen mozallowfullscreen allowfullscreen><\/iframe><\/div>\n<p><script src=\"https:\/\/player.vimeo.com\/api\/player.js\"><\/script><\/p>\n<div class=\"one\" style=\"margin-top: 50px; margin-bottom: 50px;\">\n<div class=\"one_half_bg parallax\" style=\"background-image: url('http:\/\/fabien-carre.com\/wp-content\/uploads\/2018\/09\/DJI_0724.jpg'); height: 800px;\"><\/div>\n<div class=\"one_half_bg\" style=\"padding: 40px;\">\n<h2 class=\"ppb_title\">Camper Co<\/h2>\n<div class=\"ppb_header_content\">\n<p>Nous avions pr\u00e9vu avec ma compagne de voyager un mois et demi en Nouvelle-Z\u00e9lande pendant notre tour du monde d\u2019un an et nous voulions absolument faire un road trip dans ce pays. J\u2019ai donc contact\u00e9 plusieurs loueurs de camper van ind\u00e9pendants, des structures \u00e0 petite \u00e9chelle, en proposant mes services de r\u00e9alisateur pour cr\u00e9er une vid\u00e9o qui servirait de vitrine aux services qu\u2019ils proposent \u00e0 leurs clients.<\/p>\n<p>Camper Co a \u00e9t\u00e9 r\u00e9ceptif \u00e0 cette id\u00e9e et m\u2019a laiss\u00e9 une totale carte blanche. Je leur ai fourni \u00e0 la fois des photos et une vid\u00e9o, en mettant beaucoup \u00e0 contribution le drone qui m\u2019accompagnait dans ce voyage. Le fait de vivre jour et nuit dans le van pendant plusieurs semaines \u00e9tait l\u2019occasion parfaite de pouvoir filmer absolument tout ce qui serait utile au montage final, du r\u00e9veil au coucher. J\u2019ai d\u00e9but\u00e9 le montage pendant le road trip, ce qui a influenc\u00e9 certains partis pris de r\u00e9alisation pour la suite du tournage. Comme souvent sur mes projets, ce fut un m\u00e9lange de s\u00e9quences pens\u00e9es en amont et d\u2019improvisation face aux r\u00e9alit\u00e9s du terrain et de la m\u00e9t\u00e9o.<\/p>\n<p>Plusieurs challenges se pr\u00e9sentaient sur ce projet : tout d\u2019abord la gestion de l\u2019\u00e9lectricit\u00e9, puisque nous \u00e9tions face \u00e0 un road trip de plus d\u2019un mois, il fallait donc optimiser le peu d\u2019\u00e9lectricit\u00e9 \u00e0 notre disposition, tant pour les cam\u00e9ras que pour l\u2019ordinateur utilis\u00e9 pour le montage sur place.<\/p>\n<\/div>\n<\/div>\n<p>&nbsp;<\/p>\n<\/div>\n<div class=\"parallax\" style=\"background-image: url('http:\/\/fabien-carre.com\/wp-content\/uploads\/2018\/09\/NZ-4-v4.jpg'); height: 60vh;\"><\/div>\n<div class=\"parallax\" style=\"background-image: url('http:\/\/fabien-carre.com\/wp-content\/uploads\/2018\/09\/NZ-5.jpg'); height: 60vh; margin-top: 40px; margin-bottom: 40px;\"><\/div>","protected":false},"excerpt":{"rendered":"<p>Camper Co Nous avions pr\u00e9vu avec ma compagne de voyager un mois et demi en Nouvelle-Z\u00e9lande pendant notre tour du monde d\u2019un an et nous voulions absolument faire un road trip dans ce pays. J\u2019ai donc contact\u00e9 plusieurs loueurs de [&hellip;]<\/p>","protected":false},"author":1,"featured_media":7504,"parent":6835,"menu_order":0,"comment_status":"closed","ping_status":"closed","template":"","meta":{"footnotes":""},"class_list":["post-6898","page","type-page","status-publish","has-post-thumbnail","hentry"],"_links":{"self":[{"href":"http:\/\/fabien-carre.com\/en\/wp-json\/wp\/v2\/pages\/6898","targetHints":{"allow":["GET"]}}],"collection":[{"href":"http:\/\/fabien-carre.com\/en\/wp-json\/wp\/v2\/pages"}],"about":[{"href":"http:\/\/fabien-carre.com\/en\/wp-json\/wp\/v2\/types\/page"}],"author":[{"embeddable":true,"href":"http:\/\/fabien-carre.com\/en\/wp-json\/wp\/v2\/users\/1"}],"replies":[{"embeddable":true,"href":"http:\/\/fabien-carre.com\/en\/wp-json\/wp\/v2\/comments?post=6898"}],"version-history":[{"count":39,"href":"http:\/\/fabien-carre.com\/en\/wp-json\/wp\/v2\/pages\/6898\/revisions"}],"predecessor-version":[{"id":8287,"href":"http:\/\/fabien-carre.com\/en\/wp-json\/wp\/v2\/pages\/6898\/revisions\/8287"}],"up":[{"embeddable":true,"href":"http:\/\/fabien-carre.com\/en\/wp-json\/wp\/v2\/pages\/6835"}],"wp:featuredmedia":[{"embeddable":true,"href":"http:\/\/fabien-carre.com\/en\/wp-json\/wp\/v2\/media\/7504"}],"wp:attachment":[{"href":"http:\/\/fabien-carre.com\/en\/wp-json\/wp\/v2\/media?parent=6898"}],"curies":[{"name":"wp","href":"https:\/\/api.w.org\/{rel}","templated":true}]}}