{"id":8054,"date":"2021-09-29T11:18:57","date_gmt":"2021-09-29T10:18:57","guid":{"rendered":"http:\/\/fabien-carre.com\/?page_id=8054"},"modified":"2021-09-29T12:00:15","modified_gmt":"2021-09-29T11:00:15","slug":"serie-documentaire-fait-main","status":"publish","type":"page","link":"http:\/\/fabien-carre.com\/en\/realisations\/projets-clients\/serie-documentaire-fait-main\/","title":{"rendered":"Documentary series - Handmade"},"content":{"rendered":"<div class=\"one\" style=\"margin-top: 50px; margin-bottom: 50px;\">\n<div class=\"one_half_bg parallax\" style=\"background-image: url('http:\/\/fabien-carre.com\/wp-content\/uploads\/2021\/09\/P1711002.jpg'); height: 800px;\"><\/div>\n<div class=\"one_half_bg\" style=\"padding: 40px;\">\n<h2 class=\"ppb_title\">Documentary series - Handmade<\/h2>\n<div class=\"ppb_header_content\">\n<p>I made this short video as an introduction to an idea of a documentary series about craftswomen and craftsmen and the ongoing disappearance of many skills around the world. Currently in development with Zadig Productions.<\/p>\n<div style=\"padding:45.31% 0 0 0;position:relative;\"><iframe src=\"https:\/\/player.vimeo.com\/video\/313999593?h=ec0bb862f0&amp;badge=0&amp;autopause=0&amp;player_id=0&amp;app_id=58479\" frameborder=\"0\" allow=\"autoplay; fullscreen; picture-in-picture\" allowfullscreen style=\"position:absolute;top:0;left:0;width:100%;height:100%;\" title=\"Fait main - Bande-annonce\"><\/iframe><\/div>\n<p><script src=\"https:\/\/player.vimeo.com\/api\/player.js\"><\/script><\/p>\n<\/div>\n<\/div>\n<p>&nbsp;<\/p>\n<\/div>\n<div class=\"parallax\" style=\"background-image: url('http:\/\/fabien-carre.com\/wp-content\/uploads\/2021\/09\/P1644554.jpg'); height: 60vh; margin-top: 40px; margin-bottom: 40px;\"><\/div>\n<div class=\"parallax\" style=\"background-image: url('http:\/\/fabien-carre.com\/wp-content\/uploads\/2021\/09\/P1711030.jpg'); height: 60vh; margin-top: 40px; margin-bottom: 40px;\"><\/div>\n<div class=\"parallax\" style=\"background-image: url('http:\/\/fabien-carre.com\/wp-content\/uploads\/2021\/09\/P1666043-HDR.jpg'); height: 60vh; margin-top: 40px; margin-bottom: 40px;\"><\/div>\n<div class=\"parallax\" style=\"background-image: url('http:\/\/fabien-carre.com\/wp-content\/uploads\/2021\/09\/P1933618-HDR.jpg'); height: 60vh; margin-top: 40px; margin-bottom: 40px;\"><\/div>\n<div class=\"parallax\" style=\"background-image: url('http:\/\/fabien-carre.com\/wp-content\/uploads\/2021\/09\/P1944020.jpg'); height: 60vh; margin-top: 40px; margin-bottom: 40px;\"><\/div>","protected":false},"excerpt":{"rendered":"<p>S\u00e9rie documentaire &#8211; Fait main J&rsquo;ai r\u00e9alis\u00e9 cette courte vid\u00e9o en guise d&rsquo;introduction d&rsquo;un concept de s\u00e9rie documentaire sur les artisans et la disparition en cours de nombreux savoir-faire partout dans le monde. Actuellement en d\u00e9veloppement avec Zadig Productions. &nbsp;<\/p>","protected":false},"author":1,"featured_media":8064,"parent":6835,"menu_order":0,"comment_status":"closed","ping_status":"closed","template":"","meta":{"footnotes":""},"class_list":["post-8054","page","type-page","status-publish","has-post-thumbnail","hentry"],"_links":{"self":[{"href":"http:\/\/fabien-carre.com\/en\/wp-json\/wp\/v2\/pages\/8054","targetHints":{"allow":["GET"]}}],"collection":[{"href":"http:\/\/fabien-carre.com\/en\/wp-json\/wp\/v2\/pages"}],"about":[{"href":"http:\/\/fabien-carre.com\/en\/wp-json\/wp\/v2\/types\/page"}],"author":[{"embeddable":true,"href":"http:\/\/fabien-carre.com\/en\/wp-json\/wp\/v2\/users\/1"}],"replies":[{"embeddable":true,"href":"http:\/\/fabien-carre.com\/en\/wp-json\/wp\/v2\/comments?post=8054"}],"version-history":[{"count":10,"href":"http:\/\/fabien-carre.com\/en\/wp-json\/wp\/v2\/pages\/8054\/revisions"}],"predecessor-version":[{"id":8075,"href":"http:\/\/fabien-carre.com\/en\/wp-json\/wp\/v2\/pages\/8054\/revisions\/8075"}],"up":[{"embeddable":true,"href":"http:\/\/fabien-carre.com\/en\/wp-json\/wp\/v2\/pages\/6835"}],"wp:featuredmedia":[{"embeddable":true,"href":"http:\/\/fabien-carre.com\/en\/wp-json\/wp\/v2\/media\/8064"}],"wp:attachment":[{"href":"http:\/\/fabien-carre.com\/en\/wp-json\/wp\/v2\/media?parent=8054"}],"curies":[{"name":"wp","href":"https:\/\/api.w.org\/{rel}","templated":true}]}}