{"id":7086,"date":"2018-09-20T09:47:39","date_gmt":"2018-09-20T09:47:39","guid":{"rendered":"http:\/\/fabien-carre.com\/?page_id=7086"},"modified":"2023-03-23T12:24:38","modified_gmt":"2023-03-23T11:24:38","slug":"linstant-suivant","status":"publish","type":"page","link":"https:\/\/fabien-carre.com\/en\/realisations\/courts-metrages\/linstant-suivant\/","title":{"rendered":"L\u2019instant suivant"},"content":{"rendered":"<div class=\"one\" style=\"margin-top: 50px; margin-bottom: 50px;\">\n<div class=\"one_half_bg parallax\" style=\"background-image: url('http:\/\/fabien-carre.com\/wp-content\/uploads\/2018\/09\/Linstant-suivant-1.jpg'); height: 500px;\"><\/div>\n<div class=\"one_half_bg\" style=\"padding: 40px;\">\n<h2 class=\"ppb_title\">L\u2019instant suivant<\/h2>\n<div class=\"ppb_header_content\">\n<p>J\u2019ai r\u00e9alis\u00e9 ce 1er court-m\u00e9trage peu de temps apr\u00e8s la fin de mes \u00e9tudes. Nous avons tourn\u00e9 en studio \u00e0 la F\u00e9mis en cr\u00e9ant un d\u00e9cor \u00e0 partir de z\u00e9ro. L\u2019id\u00e9e \u00e9tait de raconter une histoire par le son, de mettre en opposition deux perceptions de la r\u00e9alit\u00e9.<\/p>\n<p>Le film a \u00e9t\u00e9 tourn\u00e9 en S16 mm puis d\u00e9velopp\u00e9 en laboratoire. L\u2019histoire \u00e9tait celle d\u2019un photographe mourant et je voulais rendre hommage \u00e0 cette \u00e9poque qui s\u2019achevait en faisant ce choix technique fort \u00e0 une \u00e9poque o\u00f9 le num\u00e9rique devenait la norme.<\/p>\n<p>Le film est tr\u00e8s d\u00e9pouill\u00e9, le d\u00e9cor est unique, le personnage \u00e9galement. C\u2019\u00e9tait un exercice de style par l\u2019\u00e9conomie de moyens.<\/p>\n<\/div>\n<\/div>\n<p>&nbsp;<\/p>\n<div style=\"padding:73.39% 0 0 0;position:relative;\"><iframe src=\"https:\/\/player.vimeo.com\/video\/77230751?color=8B0000&#038;title=0&#038;byline=0&#038;portrait=0\" style=\"position:absolute;top:0;left:0;width:100%;height:100%;\" frameborder=\"0\" webkitallowfullscreen mozallowfullscreen allowfullscreen><\/iframe><\/div>\n<p><script src=\"https:\/\/player.vimeo.com\/api\/player.js\"><\/script><\/p>","protected":false},"excerpt":{"rendered":"<p>L\u2019instant suivant J\u2019ai r\u00e9alis\u00e9 ce 1er court-m\u00e9trage peu de temps apr\u00e8s la fin de mes \u00e9tudes. Nous avons tourn\u00e9 en studio \u00e0 la F\u00e9mis en cr\u00e9ant un d\u00e9cor \u00e0 partir de z\u00e9ro. L\u2019id\u00e9e \u00e9tait de raconter une histoire par le [&hellip;]<\/p>","protected":false},"author":1,"featured_media":7091,"parent":7059,"menu_order":0,"comment_status":"closed","ping_status":"closed","template":"","meta":{"footnotes":""},"class_list":["post-7086","page","type-page","status-publish","has-post-thumbnail","hentry"],"_links":{"self":[{"href":"https:\/\/fabien-carre.com\/en\/wp-json\/wp\/v2\/pages\/7086","targetHints":{"allow":["GET"]}}],"collection":[{"href":"https:\/\/fabien-carre.com\/en\/wp-json\/wp\/v2\/pages"}],"about":[{"href":"https:\/\/fabien-carre.com\/en\/wp-json\/wp\/v2\/types\/page"}],"author":[{"embeddable":true,"href":"https:\/\/fabien-carre.com\/en\/wp-json\/wp\/v2\/users\/1"}],"replies":[{"embeddable":true,"href":"https:\/\/fabien-carre.com\/en\/wp-json\/wp\/v2\/comments?post=7086"}],"version-history":[{"count":11,"href":"https:\/\/fabien-carre.com\/en\/wp-json\/wp\/v2\/pages\/7086\/revisions"}],"predecessor-version":[{"id":8206,"href":"https:\/\/fabien-carre.com\/en\/wp-json\/wp\/v2\/pages\/7086\/revisions\/8206"}],"up":[{"embeddable":true,"href":"https:\/\/fabien-carre.com\/en\/wp-json\/wp\/v2\/pages\/7059"}],"wp:featuredmedia":[{"embeddable":true,"href":"https:\/\/fabien-carre.com\/en\/wp-json\/wp\/v2\/media\/7091"}],"wp:attachment":[{"href":"https:\/\/fabien-carre.com\/en\/wp-json\/wp\/v2\/media?parent=7086"}],"curies":[{"name":"wp","href":"https:\/\/api.w.org\/{rel}","templated":true}]}}