{"id":7126,"date":"2018-09-20T10:57:59","date_gmt":"2018-09-20T10:57:59","guid":{"rendered":"http:\/\/fabien-carre.com\/?page_id=7126"},"modified":"2024-06-26T18:25:17","modified_gmt":"2024-06-26T17:25:17","slug":"projets-personnels","status":"publish","type":"page","link":"https:\/\/fabien-carre.com\/en\/projets-personnels\/","title":{"rendered":"PASSION PROJECTS"},"content":{"rendered":"<div class=\"one\" style=\"margin-top: 50px; margin-bottom: 50px;\">\n<div class=\"one_half_bg parallax\" style=\"background-image: url('http:\/\/fabien-carre.com\/wp-content\/uploads\/2019\/09\/P1944515.jpg'); width: 100%; height: 600px;\"><\/div>\n<div class=\"one_half_bg\" style=\"padding: 40px;\">\n<h2 class=\"ppb_title\">And yet it all seems limitless<\/h2>\n<div class=\"ppb_header_content\">\n<p>I made this video on a long journey of more than a year around the world. I brought back around 120 hours of rushes and 40,000 photos of this trip which took us through 14 countries on 3 continents, and I made a short summary of 7 minutes.<\/p>\n<p>The idea was to invite people to travel and reflect on the passage of time.<\/p>\n<p>Awards:<\/p>\n<p>Japan International Tourism Film Festival 2021 (JWTFF): 2nd place \u201cIndependent Travel Video\u201d<br \/>\nCIFFT 2020: 1st place \u201cIndependent travel video\u201d<br \/>\nTerres Travel Festival - Films &amp; Creativity 2020: 2nd place \u201cIndependent Filmmakers\u201d<br \/>\nFlicks Monthly Film Festival 2020: Best editing &amp; Best Sound design<br \/>\nInternational Tour Film Fest \u2013 Bulgaria \u201cOn the East Coast of Europe\u201d 2020: 1st place \u201cMy trip\/Vlog\u201d<br \/>\nInternational Tourism Film Festival \u201cTourfilm Riga\u201d: 3rd place \u201cIndependent Travel Video\u201d<br \/>\nFinisterra Brazil Film Art &#038; Tourism Festival 2023 : s\u00e9lection officielle<br \/>\nVimeo Staff Pick<\/p>\n<\/div>\n<\/div>\n<p>&nbsp;<\/p>\n<p><iframe loading=\"lazy\" src=\"https:\/\/player.vimeo.com\/video\/360865355?color=ffffff&#038;byline=0&#038;portrait=0\" width=\"800\" height=\"432\" frameborder=\"0\" webkitallowfullscreen mozallowfullscreen allowfullscreen><\/iframe><\/p>\n<div class=\"one\" style=\"margin-top: 50px; margin-bottom: 50px;\">\n<div class=\"one_half_bg parallax\" style=\"background-image: url('http:\/\/fabien-carre.com\/wp-content\/uploads\/2020\/12\/DJI_0440-HDR.jpg'); width: 100%; height: 600px;\"><\/div>\n<div class=\"one_half_bg\" style=\"padding: 40px;\">\n<h2 class=\"ppb_title\">\u9759\u5bc2 \u2013 SEIJAKU: A day above the Earth<\/h2>\n<div class=\"ppb_header_content\">\n<p>I wanted to pay tribute to the beauty of natural landscapes with a selection of my favorite aerial shots shot during our year around the world, by telling the story of one day on Earth, from sunrise to sunset.<\/p>\n<p>I had about ten hours of footage of which I wanted to keep only 5 minutes, with particular attention paid to colors and natural sounds.<\/p>\n<p><iframe loading=\"lazy\" src=\"https:\/\/player.vimeo.com\/video\/296876803?color=ffffff&#038;byline=0&#038;portrait=0\" width=\"800\" height=\"432\" frameborder=\"0\" webkitallowfullscreen mozallowfullscreen allowfullscreen><\/iframe><\/p>\n<\/div>\n<\/div>\n<p>&nbsp;<\/p>\n<div class=\"one\" style=\"margin-top: 50px; margin-bottom: 50px;\">\n<div class=\"one_half_bg parallax\" style=\"background-image: url('http:\/\/fabien-carre.com\/wp-content\/uploads\/2018\/09\/Photo-7_grain.jpg'); height: 400px;\"><\/div>\n<div class=\"one_half_bg\" style=\"padding: 40px;\">\n<h2 class=\"ppb_title\">I spent the night dreaming...<\/h2>\n<div class=\"ppb_header_content\">\n<p>Ce court-m\u00e9trage est bien plus long que le pr\u00e9c\u00e9dent et plus ambitieux dans le fond comme dans la forme, sur le th\u00e8me de la schizophr\u00e9nie.<\/p>\n<p>Vous pouvez d\u00e9couvrir ci-dessous la bande-annonce et le court-m\u00e9trage entier.<\/p>\n<\/div>\n<\/div>\n<p>&nbsp;<\/p>\n<div style=\"padding: 56.25% 0 0 0; position: relative;\"><iframe style=\"position: absolute; top: 0; left: 0; width: 100%; height: 100%;\" src=\"https:\/\/player.vimeo.com\/video\/111880552?color=91afaf&amp;byline=0&amp;portrait=0\" frameborder=\"0\" allowfullscreen=\"allowfullscreen\"><\/iframe><\/div>\n<p><script src=\"https:\/\/player.vimeo.com\/api\/player.js\"><\/script><\/p>\n<div style=\"padding: 56.25% 0 0 0; position: relative;\"><iframe style=\"position: absolute; top: 0; left: 0; width: 100%; height: 100%;\" src=\"https:\/\/player.vimeo.com\/video\/109109032?color=91afaf&amp;byline=0&amp;portrait=0\" frameborder=\"0\" allowfullscreen=\"allowfullscreen\"><\/iframe><\/div>\n<p><script src=\"https:\/\/player.vimeo.com\/api\/player.js\"><\/script><\/p>\n<\/div>\n<\/div>\n<p>&nbsp;<\/p>\n<div class=\"one\" style=\"margin-top: 50px; margin-bottom: 50px;\">\n<div class=\"one_half_bg parallax\" style=\"background-image: url('http:\/\/fabien-carre.com\/wp-content\/uploads\/2018\/09\/Linstant-suivant-1.jpg'); height: 500px;\"><\/div>\n<div class=\"one_half_bg\" style=\"padding: 40px;\">\n<h2 class=\"ppb_title\">L\u2019instant suivant<\/h2>\n<div class=\"ppb_header_content\">\n<p>J\u2019ai r\u00e9alis\u00e9 ce 1er court-m\u00e9trage peu de temps apr\u00e8s la fin de mes \u00e9tudes. Nous avons tourn\u00e9 en studio \u00e0 la F\u00e9mis en cr\u00e9ant un d\u00e9cor \u00e0 partir de z\u00e9ro. L\u2019id\u00e9e \u00e9tait de raconter une histoire par le son, de mettre en opposition deux perceptions de la r\u00e9alit\u00e9.<\/p>\n<p>Le film a \u00e9t\u00e9 tourn\u00e9 en S16 mm puis d\u00e9velopp\u00e9 en laboratoire. L\u2019histoire \u00e9tait celle d\u2019un photographe mourant et je voulais rendre hommage \u00e0 cette \u00e9poque qui s\u2019achevait en faisant ce choix technique fort \u00e0 une \u00e9poque o\u00f9 le num\u00e9rique devenait la norme.<\/p>\n<p>Le film est tr\u00e8s d\u00e9pouill\u00e9, le d\u00e9cor est unique, le personnage \u00e9galement. C\u2019\u00e9tait un exercice de style par l\u2019\u00e9conomie de moyens.<\/p>\n<\/div>\n<\/div>\n<p>&nbsp;<\/p>\n<div style=\"padding:73.39% 0 0 0;position:relative;\"><iframe src=\"https:\/\/player.vimeo.com\/video\/77230751?color=8B0000&#038;title=0&#038;byline=0&#038;portrait=0\" style=\"position:absolute;top:0;left:0;width:100%;height:100%;\" frameborder=\"0\" webkitallowfullscreen mozallowfullscreen allowfullscreen><\/iframe><\/div>\n<p><script src=\"https:\/\/player.vimeo.com\/api\/player.js\"><\/script><\/p>\n<div class=\"one\" style=\"margin-top: 50px; margin-bottom: 50px;\">\n<div class=\"one_half_bg parallax\" style=\"background-image: url('http:\/\/fabien-carre.com\/wp-content\/uploads\/2018\/10\/Image-5.jpg'); height: 600px;\"><\/div>\n<div class=\"one_half_bg\" style=\"padding: 40px;\">\n<h2 class=\"ppb_title\">Salzburg to Verona<\/h2>\n<div class=\"ppb_header_content\">\n<p>My idea for this video was to create visual continuity on what constituted a long trek spread over 18 days, where we crossed 3 countries, starting from Austria, passing through Germany and ending in Italy. The transitions had to be mostly thought of on the very site of the trek, which required constant attention to find interesting connections, while combining different shooting methods (hyperlapes, timelapses, stabilized shots with a gimbal, etc.). It took a lot of improvisation and attention to the environment we were going through to make this video.<\/p>\n<\/div>\n<\/div>\n<p>&nbsp;<\/p>\n<p><iframe loading=\"lazy\" src=\"https:\/\/player.vimeo.com\/video\/207076497?color=ffffff&amp;title=0&amp;byline=0&amp;portrait=0\" width=\"800\" height=\"450\" frameborder=\"0\" allowfullscreen=\"allowfullscreen\"><\/iframe><\/p>\n<div class=\"one\" style=\"margin-top: 50px; margin-bottom: 50px;\">\n<div class=\"one_half_bg parallax\" style=\"background-image: url('http:\/\/fabien-carre.com\/wp-content\/uploads\/2018\/10\/Ambrym-2.jpg'); height: 800px;\"><\/div>\n<div class=\"one_half_bg\" style=\"padding: 40px;\">\n<h2 class=\"ppb_title\">Ambrym<\/h2>\n<div class=\"ppb_header_content\">\n<p>During the year-long round the world trip we have changed the planned route more than once. We did not go to some of the expected countries to give preference to others that were not planned. This is the case of Vanuatu. We watched Werner Herzog\u2019s documentary <strong>Into the Inferno<\/strong> during our long journey, and its images of volcanoes left such an impression on us that we decided to stop in Vanuatu while crossing Oceania. Volcanoes had already become a recurring motif on our trip.<\/p>\n<p>From the private taxi plane which lands and takes off on a dirt track covered with grass to the impenetrable and inhospitable jungle of this island where black magic is still practiced, and where cannibalism was still current less than 50 years ago, not to mention the acidic and toxic rain and of course these 2 active volcanoes containing lava lakes and which can erupt at any time, the adventure was intense! We have climbed a dozen volcanoes during this year of travel, most of them still active, even going up to more than 6000m for one of them in Peru, but it is this volcano that will remain forever etched in our memories.<\/p>\n<p>The isolation of this island is so extreme that the only way to leave without one of the 2 usual bi-weekly aircrafts of 16 seats, is to use a private taxi or take a tiny motor boat which will be left for a few hours at the mercy of the elements of an ocean always raging in this part of the globe. The alert level of volcanoes regularly prevents its access beyond a radius of 3 km around the crater, which includes most of a desolate caldera where a shy vegetation tries a difficult fight on a black ground of ashes.<\/p>\n<div style=\"padding:42.55% 0 0 0;position:relative;\"><iframe src=\"https:\/\/player.vimeo.com\/video\/251216320?h=2fd8db5a69&amp;badge=0&amp;autopause=0&amp;player_id=0&amp;app_id=58479\" frameborder=\"0\" allow=\"autoplay; fullscreen; picture-in-picture; clipboard-write\" style=\"position:absolute;top:0;left:0;width:100%;height:100%;\" title=\"AMBRYM (4K)\"><\/iframe><\/div>\n<p><script src=\"https:\/\/player.vimeo.com\/api\/player.js\"><\/script><\/p>\n<\/div>\n<\/div>\n<p>&nbsp;<\/p>\n<\/div>\n<\/div>\n<\/div>\n<\/div>\n<\/div>\n<\/div>","protected":false},"excerpt":{"rendered":"<p>And yet it all seems limitless J&rsquo;ai r\u00e9alis\u00e9 cette vid\u00e9o au cours d&rsquo;un long voyage de plus d&rsquo;un an autour du monde. J&rsquo;ai ramen\u00e9 environ 120 heures de rushes et 40 000 photos de ce voyage qui nous a fait [&hellip;]<\/p>","protected":false},"author":1,"featured_media":8142,"parent":0,"menu_order":0,"comment_status":"closed","ping_status":"closed","template":"","meta":{"footnotes":""},"class_list":["post-7126","page","type-page","status-publish","has-post-thumbnail","hentry"],"_links":{"self":[{"href":"https:\/\/fabien-carre.com\/en\/wp-json\/wp\/v2\/pages\/7126","targetHints":{"allow":["GET"]}}],"collection":[{"href":"https:\/\/fabien-carre.com\/en\/wp-json\/wp\/v2\/pages"}],"about":[{"href":"https:\/\/fabien-carre.com\/en\/wp-json\/wp\/v2\/types\/page"}],"author":[{"embeddable":true,"href":"https:\/\/fabien-carre.com\/en\/wp-json\/wp\/v2\/users\/1"}],"replies":[{"embeddable":true,"href":"https:\/\/fabien-carre.com\/en\/wp-json\/wp\/v2\/comments?post=7126"}],"version-history":[{"count":55,"href":"https:\/\/fabien-carre.com\/en\/wp-json\/wp\/v2\/pages\/7126\/revisions"}],"predecessor-version":[{"id":8289,"href":"https:\/\/fabien-carre.com\/en\/wp-json\/wp\/v2\/pages\/7126\/revisions\/8289"}],"wp:featuredmedia":[{"embeddable":true,"href":"https:\/\/fabien-carre.com\/en\/wp-json\/wp\/v2\/media\/8142"}],"wp:attachment":[{"href":"https:\/\/fabien-carre.com\/en\/wp-json\/wp\/v2\/media?parent=7126"}],"curies":[{"name":"wp","href":"https:\/\/api.w.org\/{rel}","templated":true}]}}