{"id":7296,"date":"2018-09-20T13:31:51","date_gmt":"2018-09-20T13:31:51","guid":{"rendered":"http:\/\/fabien-carre.com\/?page_id=7296"},"modified":"2026-01-21T16:39:29","modified_gmt":"2026-01-21T15:39:29","slug":"presentation","status":"publish","type":"page","link":"https:\/\/fabien-carre.com\/en\/presentation\/","title":{"rendered":"PRESENTATION"},"content":{"rendered":"<div class=\"standard_wrapper\">\n<div class=\"one_third withsmallpadding ppb_header\" style=\"text-align: left; padding: 40px 0 40px 0;\">\n<div class=\"page_content_wrapper\">\n<div class=\"inner\">\n<div style=\"margin: auto; width: 100%;\">\n<h2 class=\"ppb_title\" data-unsp-sanitized=\"clean\">PRESENTATION<\/h2>\n<hr class=\"title_break bold left\" \/>\n<div class=\"page_tagline\">Director \/ Writer<\/div>\n<\/div>\n<\/div>\n<\/div>\n<\/div>\n<\/div>\n<div class=\"standard_wrapper\">\n<div class=\"two_third last withsmallpadding ppb_text\" style=\"text-align: left; padding: 40px 0 40px 0;\">\n<div class=\"standard_wrapper\">\n<div class=\"page_content_wrapper\">\n<div class=\"inner\">\n<div style=\"margin: auto; width: 100%;\">\n<p class=\"p1\"><span class=\"s1\">I have been working as a director and editor for more than ten years. I directed and edited several fictions, participated in the editing of medium and feature-length documentaries, worked in several television channels, created and designed opening credits, edited making-of, video clips, trailers, corporate videos, etc.<\/span><\/p>\n<p class=\"p1\"><span class=\"s1\">Over the years, I developed new skills, extending my field of action from script writing to post-production (sound and image editing, special effects and color grading) through shooting. I am a certified drone pilot. If a project requires it, I can act alone from beginning to end, I can also lead a team, each project is unique. I have my own shooting equipment and video editing suite, and I am surrounded by loyal collaborators in different fields.<\/span><\/p>\n<p class=\"p1\"><span class=\"s1\">It is a true desire to tell stories that is at the source of each of my projects. I am always looking for strong characters to create narratively powerful images. I attach the greatest importance to the sound environment of my creations, from the careful selection of music to the precision of sound design. Years of experience in editing and compositing, and more generally in post-production, lead me to think these final stages from the genesis of my projects and to know how to plan beforehand the implementation of special effects and especially the cuts. However, this does not prevent me from remaining attentive to the unexpected events happening while shooting, which regularly and intuitively find their place in my videos.<\/span><\/p>\n<p class=\"p1\"><span class=\"s1\">I returned from a year-long trip around the world in the spring of 2018, a long journey that took me to Asia, Oceania, and South America, during which I encountered many very different cultures. I listened to their fascinating stories, which will remain a source of inspiration for a long time to come. Following this trip, I am developing a documentary series with Zadig Productions, which is currently being written, and with whom I have signed an option agreement for its production.<\/span><\/p>\n<p>I also regularly work with the CNRS, the Coll\u00e8ge de France, numerous scientific start-ups, as well as the Museum of Fine Arts and the Auditorium-National Orchestra of Lyon on various video series.<\/p>\n<p class=\"p1\"><span class=\"s1\"><br \/>\n<a href=\"https:\/\/fabien-carre.com\/wp-content\/uploads\/2026\/01\/CV-Fabien-Carre.pdf\" target=\"_blank\" rel=\"noopener noreferrer\" data-unsp-sanitized=\"clean\">Download Resume.<\/a><br \/>\n<\/span><\/p>\n<\/div>\n<\/div>\n<\/div>\n<\/div>\n<\/div>\n<\/div>\n<div class=\"one ppb_image_fullwidth\" style=\"padding: 0px 0 0px 0; margin-top: 30px;\">\n<div class=\"one withbg\" style=\"background-image: url('http:\/\/fabien-carre.com\/wp-content\/uploads\/2018\/09\/P1270913-Pano-1.jpg'); background-size: cover; background-position: center center; height: 380px; position: relative;\"><\/div>\n<\/div>\n<div class=\"one\" style=\"margin-top: 30px;\">\n<div class=\"page_content_wrapper\">\n<div class=\"inner\" style=\"padding: 0;\">\n<div class=\"one_half_bg parallax\" style=\"background-image: url('http:\/\/fabien-carre.com\/wp-content\/uploads\/2018\/09\/P1200030-1.jpg'); height: 600px;\"><\/div>\n<div class=\"one_half_bg parallax\" style=\"background-image: url('http:\/\/fabien-carre.com\/wp-content\/uploads\/2018\/10\/DSC07830.jpg'); height: 600px;\"><\/div>\n<\/div>\n<\/div>\n<\/div>\n<div class=\"standard_wrapper\">\n<div class=\"ppb_three_images_block one\" style=\"padding: 30px 0 30px 0;\">\n<div class=\"page_content_wrapper\">\n<div class=\"inner\">\n<div class=\"one_half\">\n<div class=\"image_classic_frame expand\">\n<div class=\"image_wrapper\"><a class=\"img_frame\" href=\"http:\/\/fabien-carre.com\/wp-content\/uploads\/2018\/09\/P1180582-1.jpg\" data-unsp-sanitized=\"clean\"><img decoding=\"async\" class=\"portfolio_img\" src=\"http:\/\/fabien-carre.com\/wp-content\/uploads\/2018\/09\/P1180582-1.jpg\" alt=\"\" \/><\/a><\/div>\n<\/div>\n<\/div>\n<div class=\"one_half last\">\n<div class=\"image_classic_frame expand\">\n<div class=\"image_wrapper\"><a class=\"img_frame\" href=\"http:\/\/fabien-carre.com\/wp-content\/uploads\/2018\/09\/P1160539-1.jpg\" data-unsp-sanitized=\"clean\"><img decoding=\"async\" class=\"portfolio_img\" src=\"http:\/\/fabien-carre.com\/wp-content\/uploads\/2018\/09\/P1160539-1.jpg\" alt=\"\" \/><\/a><\/div>\n<\/div>\n<div class=\"image_classic_frame expand\">\n<div class=\"image_wrapper\"><a class=\"img_frame\" href=\"http:\/\/fabien-carre.com\/wp-content\/uploads\/2018\/09\/P1010428-1.jpg\" data-unsp-sanitized=\"clean\"><img decoding=\"async\" class=\"portfolio_img\" src=\"http:\/\/fabien-carre.com\/wp-content\/uploads\/2018\/09\/P1010428-1.jpg\" alt=\"\" \/><\/a><\/div>\n<\/div>\n<\/div>\n<\/div>\n<\/div>\n<div><\/div>\n<\/div>\n<\/div>\n<div class=\"one\">\n<div class=\"page_content_wrapper\">\n<div class=\"inner\" style=\"padding: 0;\">\n<div class=\"one_half_bg parallax\" style=\"background-image: url('http:\/\/fabien-carre.com\/wp-content\/uploads\/2018\/10\/F1010006.jpg'); height: 600px;\"><\/div>\n<div class=\"one_half_bg parallax\" style=\"background-image: url('http:\/\/fabien-carre.com\/wp-content\/uploads\/2019\/01\/IMG_5900.jpg'); height: 600px;\"><\/div>\n<\/div>\n<\/div>\n<\/div>","protected":false},"excerpt":{"rendered":"<p>Pr\u00e9sentation R\u00e9alisateur \/ Auteur Je travaille comme r\u00e9alisateur et monteur depuis une dizaine d\u2019ann\u00e9es. J\u2019ai pu ainsi ces derni\u00e8res ann\u00e9es r\u00e9aliser et monter plusieurs fictions, participer au montage de documentaires moyen et long-m\u00e9trages, travailler au sein de plusieurs cha\u00eenes de [&hellip;]<\/p>","protected":false},"author":1,"featured_media":10,"parent":0,"menu_order":0,"comment_status":"closed","ping_status":"closed","template":"","meta":{"footnotes":""},"class_list":["post-7296","page","type-page","status-publish","has-post-thumbnail","hentry"],"_links":{"self":[{"href":"https:\/\/fabien-carre.com\/en\/wp-json\/wp\/v2\/pages\/7296","targetHints":{"allow":["GET"]}}],"collection":[{"href":"https:\/\/fabien-carre.com\/en\/wp-json\/wp\/v2\/pages"}],"about":[{"href":"https:\/\/fabien-carre.com\/en\/wp-json\/wp\/v2\/types\/page"}],"author":[{"embeddable":true,"href":"https:\/\/fabien-carre.com\/en\/wp-json\/wp\/v2\/users\/1"}],"replies":[{"embeddable":true,"href":"https:\/\/fabien-carre.com\/en\/wp-json\/wp\/v2\/comments?post=7296"}],"version-history":[{"count":77,"href":"https:\/\/fabien-carre.com\/en\/wp-json\/wp\/v2\/pages\/7296\/revisions"}],"predecessor-version":[{"id":8370,"href":"https:\/\/fabien-carre.com\/en\/wp-json\/wp\/v2\/pages\/7296\/revisions\/8370"}],"wp:featuredmedia":[{"embeddable":true,"href":"https:\/\/fabien-carre.com\/en\/wp-json\/wp\/v2\/media\/10"}],"wp:attachment":[{"href":"https:\/\/fabien-carre.com\/en\/wp-json\/wp\/v2\/media?parent=7296"}],"curies":[{"name":"wp","href":"https:\/\/api.w.org\/{rel}","templated":true}]}}