{"id":7682,"date":"2019-04-21T13:16:15","date_gmt":"2019-04-21T12:16:15","guid":{"rendered":"http:\/\/fabien-carre.com\/?page_id=7682"},"modified":"2023-06-17T15:46:52","modified_gmt":"2023-06-17T14:46:52","slug":"cnrs-vivatech-2019","status":"publish","type":"page","link":"https:\/\/fabien-carre.com\/en\/realisations\/projets-clients\/cnrs-vivatech-2019\/","title":{"rendered":"CNRS &#8211; VivaTech"},"content":{"rendered":"<p><iframe loading=\"lazy\" width=\"1300\" height=\"731\" src=\"https:\/\/www.youtube.com\/embed\/k4yjdQ3LZ6w\" frameborder=\"0\" allow=\"accelerometer; autoplay; encrypted-media; gyroscope; picture-in-picture\" allowfullscreen><\/iframe><\/p>\n<div class=\"one\" style=\"margin-top: 50px; margin-bottom: 50px;\">\n<div class=\"one_half_bg parallax\" style=\"background-image: url('http:\/\/fabien-carre.com\/wp-content\/uploads\/2019\/05\/CNRS-8.jpg'); height: 800px;\"><\/div>\n<div class=\"one_half_bg\" style=\"padding: 40px;\">\n<h2 class=\"ppb_title\">CNRS &#8211; VivaTech<\/h2>\n<div class=\"ppb_header_content\">\n<p>VivaTech est un salon consacr\u00e9 \u00e0 l&rsquo;innovation technologique et aux start-up. Le CNRS m&rsquo;a contact\u00e9 pour r\u00e9aliser une s\u00e9rie de vid\u00e9os pour pr\u00e9senter des start-up. Il fallait expliquer leurs d\u00e9marches et leur innovation dans des formats tr\u00e8s courts. Je r\u00e9alise ces s\u00e9ries de vid\u00e9os depuis 2019.<\/p>\n<p>All videos are viewable in the YouTube playlist below.<\/p>\n<p><iframe loading=\"lazy\" width=\"560\" height=\"315\" src=\"https:\/\/www.youtube.com\/embed\/Z4kVJFGQwXE\" title=\"YouTube video player\" frameborder=\"0\" allow=\"accelerometer; autoplay; clipboard-write; encrypted-media; gyroscope; picture-in-picture; web-share\" allowfullscreen><\/iframe><\/p>\n<p><iframe loading=\"lazy\" width=\"560\" height=\"315\" src=\"https:\/\/www.youtube.com\/embed\/B3V_FlSA2q0\" title=\"YouTube video player\" frameborder=\"0\" allow=\"accelerometer; autoplay; clipboard-write; encrypted-media; gyroscope; picture-in-picture; web-share\" allowfullscreen><\/iframe><\/p>\n<p><iframe loading=\"lazy\" width=\"560\" height=\"315\" src=\"https:\/\/www.youtube.com\/embed\/-cqFv_xJEWs\" frameborder=\"0\" allow=\"accelerometer; autoplay; encrypted-media; gyroscope; picture-in-picture\" allowfullscreen><\/iframe><\/p>\n<p><iframe loading=\"lazy\" width=\"560\" height=\"315\" src=\"https:\/\/www.youtube.com\/embed\/OEjTz2EKU5s\" frameborder=\"0\" allow=\"accelerometer; autoplay; encrypted-media; gyroscope; picture-in-picture\" allowfullscreen><\/iframe><\/p>\n<p><iframe loading=\"lazy\" width=\"585\" height=\"329\" src=\"https:\/\/www.youtube.com\/embed\/tjcYGvhyJrA\" title=\"YouTube video player\" frameborder=\"0\" allow=\"accelerometer; autoplay; clipboard-write; encrypted-media; gyroscope; picture-in-picture\" allowfullscreen><\/iframe><\/p>\n<p>English version here:<\/p>\n<p><iframe loading=\"lazy\" width=\"585\" height=\"329\" src=\"https:\/\/www.youtube.com\/embed\/playlist?list=PL-GL80g2OlE1BXNqxKe0S5ih-22p_9Jgf\" frameborder=\"0\" allow=\"accelerometer; autoplay; encrypted-media; gyroscope; picture-in-picture\" allowfullscreen><\/iframe><\/p>\n<\/div>\n<\/div>\n<p>&nbsp;<\/p>\n<\/div>\n<div class=\"parallax\" style=\"background-image: url('http:\/\/fabien-carre.com\/wp-content\/uploads\/2019\/05\/CNRS-6.jpg'); height: 60vh;\"><\/div>\n<div class=\"parallax\" style=\"background-image: url('http:\/\/fabien-carre.com\/wp-content\/uploads\/2019\/05\/CNRS-4.jpg'); height: 60vh; margin-top: 40px; margin-bottom: 40px;\"><\/div>","protected":false},"excerpt":{"rendered":"<p>CNRS &#8211; VivaTech VivaTech est un salon consacr\u00e9 \u00e0 l&rsquo;innovation technologique et aux start-up. Le CNRS m&rsquo;a contact\u00e9 pour r\u00e9aliser une s\u00e9rie de vid\u00e9os pour pr\u00e9senter des start-up. Il fallait expliquer leurs d\u00e9marches et leur innovation dans des formats tr\u00e8s [&hellip;]<\/p>","protected":false},"author":1,"featured_media":7690,"parent":6835,"menu_order":0,"comment_status":"closed","ping_status":"closed","template":"","meta":{"footnotes":""},"class_list":["post-7682","page","type-page","status-publish","has-post-thumbnail","hentry"],"_links":{"self":[{"href":"https:\/\/fabien-carre.com\/en\/wp-json\/wp\/v2\/pages\/7682","targetHints":{"allow":["GET"]}}],"collection":[{"href":"https:\/\/fabien-carre.com\/en\/wp-json\/wp\/v2\/pages"}],"about":[{"href":"https:\/\/fabien-carre.com\/en\/wp-json\/wp\/v2\/types\/page"}],"author":[{"embeddable":true,"href":"https:\/\/fabien-carre.com\/en\/wp-json\/wp\/v2\/users\/1"}],"replies":[{"embeddable":true,"href":"https:\/\/fabien-carre.com\/en\/wp-json\/wp\/v2\/comments?post=7682"}],"version-history":[{"count":24,"href":"https:\/\/fabien-carre.com\/en\/wp-json\/wp\/v2\/pages\/7682\/revisions"}],"predecessor-version":[{"id":8214,"href":"https:\/\/fabien-carre.com\/en\/wp-json\/wp\/v2\/pages\/7682\/revisions\/8214"}],"up":[{"embeddable":true,"href":"https:\/\/fabien-carre.com\/en\/wp-json\/wp\/v2\/pages\/6835"}],"wp:featuredmedia":[{"embeddable":true,"href":"https:\/\/fabien-carre.com\/en\/wp-json\/wp\/v2\/media\/7690"}],"wp:attachment":[{"href":"https:\/\/fabien-carre.com\/en\/wp-json\/wp\/v2\/media?parent=7682"}],"curies":[{"name":"wp","href":"https:\/\/api.w.org\/{rel}","templated":true}]}}