{"id":7790,"date":"2019-12-15T21:09:39","date_gmt":"2019-12-15T20:09:39","guid":{"rendered":"http:\/\/fabien-carre.com\/?page_id=7790"},"modified":"2019-12-16T12:36:11","modified_gmt":"2019-12-16T11:36:11","slug":"cnrs-la-saga-des-inventions","status":"publish","type":"page","link":"https:\/\/fabien-carre.com\/en\/realisations\/projets-clients\/cnrs-la-saga-des-inventions\/","title":{"rendered":"INVENTIONS - AN ONGOING SAGA"},"content":{"rendered":"<p><iframe loading=\"lazy\" width=\"1300\" height=\"731\" src=\"https:\/\/www.youtube.com\/embed\/TfZBjutchyE\" frameborder=\"0\" allow=\"accelerometer; autoplay; encrypted-media; gyroscope; picture-in-picture\" allowfullscreen><\/iframe><\/p>\n<div class=\"one\" style=\"margin-top: 50px; margin-bottom: 50px;\">\n<div class=\"one_half_bg parallax\" style=\"background-image: url('http:\/\/fabien-carre.com\/wp-content\/uploads\/2019\/12\/Screenshot-Saga-des-Inventions-6.jpg'); height: 800px;\"><\/div>\n<div class=\"one_half_bg\" style=\"padding: 40px;\">\n<h2 class=\"ppb_title\">INVENTIONS - AN ONGOING SAGA<\/h2>\n<div class=\"ppb_header_content\">\n<p>Following the series of videos made for the CNRS at the VivaTech show, I made this new series of videos featuring 5 innovations connecting scientists and entrepreneurs. I then made a trailer from these 5 videos.<\/p>\n<p>The innovations are varied and range from a bicycle adapted for disabled people, to a less polluting aircraft engine, to a robot capable of deciphering our emotions.<\/p>\n<p>With a cinematographer by my side, I directed and edited this series of videos, shot in different cities in France.<\/p>\n<p>All videos are viewable in the YouTube playlist below.<\/p>\n<p><iframe loading=\"lazy\" width=\"585\" height=\"329\" src=\"https:\/\/www.youtube.com\/embed\/playlist?list=PL-GL80g2OlE0Vz3v01qhGcuqRf_84aLsR\" frameborder=\"0\" allow=\"accelerometer; autoplay; encrypted-media; gyroscope; picture-in-picture\" allowfullscreen><\/iframe><\/p>\n<\/div>\n<\/div>\n<p>&nbsp;<\/p>\n<p><iframe loading=\"lazy\" width=\"560\" height=\"315\" src=\"https:\/\/www.youtube.com\/embed\/uzvlZWmK6HE\" frameborder=\"0\" allow=\"accelerometer; autoplay; encrypted-media; gyroscope; picture-in-picture\" allowfullscreen><\/iframe><\/p>\n<p><iframe loading=\"lazy\" width=\"560\" height=\"315\" src=\"https:\/\/www.youtube.com\/embed\/CsgoB8Bbzfc\" frameborder=\"0\" allow=\"accelerometer; autoplay; encrypted-media; gyroscope; picture-in-picture\" allowfullscreen><\/iframe><\/p>\n<\/div>\n<div class=\"parallax\" style=\"background-image: url('http:\/\/fabien-carre.com\/wp-content\/uploads\/2019\/12\/Screenshot-Saga-des-Inventions-3.jpg'); height: 60vh;\"><\/div>\n<div class=\"parallax\" style=\"background-image: url('http:\/\/fabien-carre.com\/wp-content\/uploads\/2019\/12\/Screenshot-Saga-des-Inventions-5.jpg'); height: 60vh; margin-top: 40px; margin-bottom: 40px;\"><\/div>","protected":false},"excerpt":{"rendered":"<p>CNRS &#8211; La Saga des Inventions Suite \u00e0 la s\u00e9rie de vid\u00e9os r\u00e9alis\u00e9es pour le CNRS \u00e0 l\u2019occasion du salon VivaTech, j\u2019ai r\u00e9alis\u00e9 cette nouvelle s\u00e9rie de vid\u00e9os mettant en sc\u00e8ne 5 innovations reliant scientifiques et entrepreneurs. J\u2019ai ensuite mont\u00e9 [&hellip;]<\/p>","protected":false},"author":1,"featured_media":7793,"parent":6835,"menu_order":0,"comment_status":"closed","ping_status":"closed","template":"","meta":{"footnotes":""},"class_list":["post-7790","page","type-page","status-publish","has-post-thumbnail","hentry"],"_links":{"self":[{"href":"https:\/\/fabien-carre.com\/en\/wp-json\/wp\/v2\/pages\/7790","targetHints":{"allow":["GET"]}}],"collection":[{"href":"https:\/\/fabien-carre.com\/en\/wp-json\/wp\/v2\/pages"}],"about":[{"href":"https:\/\/fabien-carre.com\/en\/wp-json\/wp\/v2\/types\/page"}],"author":[{"embeddable":true,"href":"https:\/\/fabien-carre.com\/en\/wp-json\/wp\/v2\/users\/1"}],"replies":[{"embeddable":true,"href":"https:\/\/fabien-carre.com\/en\/wp-json\/wp\/v2\/comments?post=7790"}],"version-history":[{"count":5,"href":"https:\/\/fabien-carre.com\/en\/wp-json\/wp\/v2\/pages\/7790\/revisions"}],"predecessor-version":[{"id":7799,"href":"https:\/\/fabien-carre.com\/en\/wp-json\/wp\/v2\/pages\/7790\/revisions\/7799"}],"up":[{"embeddable":true,"href":"https:\/\/fabien-carre.com\/en\/wp-json\/wp\/v2\/pages\/6835"}],"wp:featuredmedia":[{"embeddable":true,"href":"https:\/\/fabien-carre.com\/en\/wp-json\/wp\/v2\/media\/7793"}],"wp:attachment":[{"href":"https:\/\/fabien-carre.com\/en\/wp-json\/wp\/v2\/media?parent=7790"}],"curies":[{"name":"wp","href":"https:\/\/api.w.org\/{rel}","templated":true}]}}