{"id":7801,"date":"2019-12-16T12:38:21","date_gmt":"2019-12-16T11:38:21","guid":{"rendered":"http:\/\/fabien-carre.com\/?page_id=7801"},"modified":"2019-12-16T13:00:13","modified_gmt":"2019-12-16T12:00:13","slug":"cnrs-medailles-de-linnovation-2019","status":"publish","type":"page","link":"https:\/\/fabien-carre.com\/en\/realisations\/projets-clients\/cnrs-medailles-de-linnovation-2019\/","title":{"rendered":"CNRS - INNOVATION MEDALS 2019"},"content":{"rendered":"<div class=\"one\" style=\"margin-top: 50px; margin-bottom: 50px;\">\n<div class=\"one_half_bg parallax\" style=\"background-image: url('http:\/\/fabien-carre.com\/wp-content\/uploads\/2019\/12\/ORPHEE-CUGAT-2.jpg'); height: 800px;\"><\/div>\n<div class=\"one_half_bg\" style=\"padding: 40px;\">\n<h2 class=\"ppb_title\">CNRS - INNOVATION MEDALS 2019<\/h2>\n<div class=\"ppb_header_content\">\n<p>Following the 2 previous series of videos made for the CNRS, I was responsible for creating this new series of videos featuring 3 of the 4 innovation medalists 2019. Due to lack of time, I was only able to edit the 4th video.<\/p>\n<p>They are portraits of researchers to present their daily lives and what they have accomplished in their respective careers.<\/p>\n<p>With a cinematographer by my side, I directed and edited this series of videos, shot in different cities in France.<\/p>\n<p>The videos can be viewed with the links below.<\/p>\n<p><iframe loading=\"lazy\" width=\"585\" height=\"329\" src=\"https:\/\/www.youtube.com\/embed\/jVFvbYNkSlI\" frameborder=\"0\" allow=\"accelerometer; autoplay; encrypted-media; gyroscope; picture-in-picture\" allowfullscreen><\/iframe><\/p>\n<\/div>\n<\/div>\n<p>&nbsp;<\/p>\n<p><iframe loading=\"lazy\" width=\"560\" height=\"315\" src=\"https:\/\/www.youtube.com\/embed\/06SYglQvtTE\" frameborder=\"0\" allow=\"accelerometer; autoplay; encrypted-media; gyroscope; picture-in-picture\" allowfullscreen><\/iframe><\/p>\n<p><iframe loading=\"lazy\" width=\"560\" height=\"315\" src=\"https:\/\/www.youtube.com\/embed\/hxih2KgMTGw\" frameborder=\"0\" allow=\"accelerometer; autoplay; encrypted-media; gyroscope; picture-in-picture\" allowfullscreen><\/iframe><\/p>\n<\/div>\n<div class=\"parallax\" style=\"background-image: url('http:\/\/fabien-carre.com\/wp-content\/uploads\/2019\/12\/ORPHEE-CUGAT-1.jpg'); height: 60vh;\"><\/div>\n<div class=\"parallax\" style=\"background-image: url('http:\/\/fabien-carre.com\/wp-content\/uploads\/2019\/12\/LIVIO-DE-LUCA-2.jpg'); height: 60vh; margin-top: 40px; margin-bottom: 40px;\"><\/div>","protected":false},"excerpt":{"rendered":"<p>CNRS &#8211; M\u00e9dailles de l&rsquo;innovation 2019 Suite aux 2 s\u00e9ries de vid\u00e9os pr\u00e9c\u00e9dentes r\u00e9alis\u00e9es pour le CNRS, j\u2019ai \u00e9t\u00e9 charg\u00e9 de cr\u00e9er cette nouvelle s\u00e9rie de vid\u00e9os mettant en sc\u00e8ne 3 des 4 m\u00e9daill\u00e9s de l&rsquo;innovation 2019. Faute de temps, [&hellip;]<\/p>","protected":false},"author":1,"featured_media":7803,"parent":6835,"menu_order":0,"comment_status":"closed","ping_status":"closed","template":"","meta":{"footnotes":""},"class_list":["post-7801","page","type-page","status-publish","has-post-thumbnail","hentry"],"_links":{"self":[{"href":"https:\/\/fabien-carre.com\/en\/wp-json\/wp\/v2\/pages\/7801","targetHints":{"allow":["GET"]}}],"collection":[{"href":"https:\/\/fabien-carre.com\/en\/wp-json\/wp\/v2\/pages"}],"about":[{"href":"https:\/\/fabien-carre.com\/en\/wp-json\/wp\/v2\/types\/page"}],"author":[{"embeddable":true,"href":"https:\/\/fabien-carre.com\/en\/wp-json\/wp\/v2\/users\/1"}],"replies":[{"embeddable":true,"href":"https:\/\/fabien-carre.com\/en\/wp-json\/wp\/v2\/comments?post=7801"}],"version-history":[{"count":5,"href":"https:\/\/fabien-carre.com\/en\/wp-json\/wp\/v2\/pages\/7801\/revisions"}],"predecessor-version":[{"id":7810,"href":"https:\/\/fabien-carre.com\/en\/wp-json\/wp\/v2\/pages\/7801\/revisions\/7810"}],"up":[{"embeddable":true,"href":"https:\/\/fabien-carre.com\/en\/wp-json\/wp\/v2\/pages\/6835"}],"wp:featuredmedia":[{"embeddable":true,"href":"https:\/\/fabien-carre.com\/en\/wp-json\/wp\/v2\/media\/7803"}],"wp:attachment":[{"href":"https:\/\/fabien-carre.com\/en\/wp-json\/wp\/v2\/media?parent=7801"}],"curies":[{"name":"wp","href":"https:\/\/api.w.org\/{rel}","templated":true}]}}