{"id":7868,"date":"2020-03-28T14:21:27","date_gmt":"2020-03-28T13:21:27","guid":{"rendered":"http:\/\/fabien-carre.com\/?page_id=7868"},"modified":"2026-03-17T08:43:08","modified_gmt":"2026-03-17T07:43:08","slug":"start-up","status":"publish","type":"page","link":"https:\/\/fabien-carre.com\/en\/realisations\/projets-clients\/start-up\/","title":{"rendered":"Start-up"},"content":{"rendered":"<div class=\"one\" style=\"margin-top: 50px; margin-bottom: 50px;\">\n<div class=\"one_half_bg parallax\" style=\"background-image: url('http:\/\/fabien-carre.com\/wp-content\/uploads\/2020\/03\/MagIA-screenshot_3.jpg'); height: 800px;\"><\/div>\n<div class=\"one_half_bg\" style=\"padding: 40px;\">\n<h2 class=\"ppb_title\">Start-up<\/h2>\n<div class=\"ppb_header_content\">\n<p>I regularly produce videos presenting start-ups, particularly to support them in their fundraising and search for investors.<\/p>\n<p>Here is a showreel showcasing the best of 7 years of work for the CNRS.<\/p>\n<div style=\"padding:56.25% 0 0 0;position:relative;\"><iframe src=\"https:\/\/player.vimeo.com\/video\/1153736079?badge=0&amp;autopause=0&amp;player_id=0&amp;app_id=58479\" frameborder=\"0\" allow=\"autoplay; fullscreen; picture-in-picture; clipboard-write; encrypted-media; web-share\" referrerpolicy=\"strict-origin-when-cross-origin\" style=\"position:absolute;top:0;left:0;width:100%;height:100%;\" title=\"SHOWREEL START-UP 2026\"><\/iframe><\/div>\n<p><script src=\"https:\/\/player.vimeo.com\/api\/player.js\"><\/script><\/p>\n<p>Here is a video editing I made presenting the activities of the CNRS on a global scale.<\/p>\n<p><iframe loading=\"lazy\" width=\"560\" height=\"315\" src=\"https:\/\/www.youtube.com\/embed\/lDIukqEGCbM?si=KxD91bMuMBJgcJ30\" title=\"YouTube video player\" frameborder=\"0\" allow=\"accelerometer; autoplay; clipboard-write; encrypted-media; gyroscope; picture-in-picture; web-share\" referrerpolicy=\"strict-origin-when-cross-origin\" allowfullscreen><\/iframe><\/p>\n<p>Here are 3 videos for MagIA diagnostics, Grapheal and Healshape, each with different innovations.<\/p>\n<p><iframe loading=\"lazy\" width=\"560\" height=\"315\" src=\"https:\/\/www.youtube.com\/embed\/IHP1Psda_eQ?si=cS_6Ki_eElo_vAHw\" title=\"YouTube video player\" frameborder=\"0\" allow=\"accelerometer; autoplay; clipboard-write; encrypted-media; gyroscope; picture-in-picture; web-share\" referrerpolicy=\"strict-origin-when-cross-origin\" allowfullscreen><\/iframe><\/p>\n<p><iframe loading=\"lazy\" width=\"560\" height=\"315\" src=\"https:\/\/www.youtube.com\/embed\/o84FYlBgnrU\" title=\"YouTube video player\" frameborder=\"0\" allow=\"accelerometer; autoplay; clipboard-write; encrypted-media; gyroscope; picture-in-picture\" allowfullscreen><\/iframe><\/p>\n<div style=\"padding:56.25% 0 0 0;position:relative;\"><iframe src=\"https:\/\/player.vimeo.com\/video\/640529877?h=e642417789&#038;color=ffffff&#038;title=0&#038;byline=0\" style=\"position:absolute;top:0;left:0;width:100%;height:100%;\" frameborder=\"0\" allow=\"autoplay; fullscreen; picture-in-picture\" allowfullscreen><\/iframe><\/div>\n<p><script src=\"https:\/\/player.vimeo.com\/api\/player.js\"><\/script><\/p>\n<\/div>\n<\/div>\n<p>&nbsp;<\/p>\n<\/div>\n<div class=\"parallax\" style=\"background-image: url('http:\/\/fabien-carre.com\/wp-content\/uploads\/\/2020\/03\/MagIA-screenshot_1.jpg'); height: 60vh;\"><\/div>\n<div class=\"parallax\" style=\"background-image: url('http:\/\/fabien-carre.com\/wp-content\/uploads\/\/2020\/03\/MagIA-screenshot_6.jpg'); height: 60vh; margin-top: 40px; margin-bottom: 40px;\"><\/div>","protected":false},"excerpt":{"rendered":"<p>Start-up Je r\u00e9alise r\u00e9guli\u00e8rement des vid\u00e9os de pr\u00e9sentation de start-up, notamment pour les accompagner dans leur lev\u00e9e de fonds et leur recherche d&rsquo;investisseurs. Voici un showreel pr\u00e9sentant un best-of de 7 ans de r\u00e9alisations pour le CNRS. Voici un montage [&hellip;]<\/p>","protected":false},"author":1,"featured_media":7873,"parent":6835,"menu_order":0,"comment_status":"closed","ping_status":"closed","template":"","meta":{"footnotes":""},"class_list":["post-7868","page","type-page","status-publish","has-post-thumbnail","hentry"],"_links":{"self":[{"href":"https:\/\/fabien-carre.com\/en\/wp-json\/wp\/v2\/pages\/7868","targetHints":{"allow":["GET"]}}],"collection":[{"href":"https:\/\/fabien-carre.com\/en\/wp-json\/wp\/v2\/pages"}],"about":[{"href":"https:\/\/fabien-carre.com\/en\/wp-json\/wp\/v2\/types\/page"}],"author":[{"embeddable":true,"href":"https:\/\/fabien-carre.com\/en\/wp-json\/wp\/v2\/users\/1"}],"replies":[{"embeddable":true,"href":"https:\/\/fabien-carre.com\/en\/wp-json\/wp\/v2\/comments?post=7868"}],"version-history":[{"count":19,"href":"https:\/\/fabien-carre.com\/en\/wp-json\/wp\/v2\/pages\/7868\/revisions"}],"predecessor-version":[{"id":8373,"href":"https:\/\/fabien-carre.com\/en\/wp-json\/wp\/v2\/pages\/7868\/revisions\/8373"}],"up":[{"embeddable":true,"href":"https:\/\/fabien-carre.com\/en\/wp-json\/wp\/v2\/pages\/6835"}],"wp:featuredmedia":[{"embeddable":true,"href":"https:\/\/fabien-carre.com\/en\/wp-json\/wp\/v2\/media\/7873"}],"wp:attachment":[{"href":"https:\/\/fabien-carre.com\/en\/wp-json\/wp\/v2\/media?parent=7868"}],"curies":[{"name":"wp","href":"https:\/\/api.w.org\/{rel}","templated":true}]}}