{"id":8016,"date":"2021-08-11T17:20:27","date_gmt":"2021-08-11T16:20:27","guid":{"rendered":"http:\/\/fabien-carre.com\/?page_id=8016"},"modified":"2023-01-17T12:57:43","modified_gmt":"2023-01-17T11:57:43","slug":"musee-des-beaux-arts-de-lyon","status":"publish","type":"page","link":"https:\/\/fabien-carre.com\/en\/realisations\/projets-clients\/musee-des-beaux-arts-de-lyon\/","title":{"rendered":"Museum of Fine Arts of Lyon"},"content":{"rendered":"<div class=\"one\" style=\"margin-top: 50px; margin-bottom: 50px;\">\n<div class=\"one_half_bg parallax\" style=\"background-image: url('http:\/\/fabien-carre.com\/wp-content\/uploads\/2021\/08\/MUSEE-LYON-PRESENTATION_6-v2.jpg'); height: 800px;\"><\/div>\n<div class=\"one_half_bg\" style=\"padding: 40px;\">\n<h2 class=\"ppb_title\">Museum of Fine Arts of Lyon<\/h2>\n<div class=\"ppb_header_content\">\n<p>With Hirya Lab in executive production, I'm in charge of making the videos for the Museum of Fine Arts of Lyon.<\/p>\n<p>Here are 2 examples of videos made for the museum: an exhibition teaser and a video presentation of the museum.<\/p>\n<p><iframe loading=\"lazy\" width=\"585\" height=\"329\" src=\"https:\/\/www.youtube.com\/embed\/dyPo0Ecg2MM\" frameborder=\"0\" allow=\"accelerometer; autoplay; encrypted-media; gyroscope; picture-in-picture\" allowfullscreen><\/iframe><\/p>\n<p><iframe loading=\"lazy\" width=\"585\" height=\"329\" src=\"https:\/\/www.youtube.com\/embed\/72391V4M5KE\" frameborder=\"0\" allow=\"accelerometer; autoplay; encrypted-media; gyroscope; picture-in-picture\" allowfullscreen><\/iframe><\/p>\n<\/div>\n<p>&nbsp;<\/p>\n<p>&nbsp;<\/p>\n<\/div>\n<div class=\"parallax\" style=\"background-image: url('http:\/\/fabien-carre.com\/wp-content\/uploads\/2021\/08\/MUSEE-LYON-PRESENTATION_2.jpg'); height: 80vh;\"><\/div>\n<div class=\"parallax\" style=\"background-image: url('http:\/\/fabien-carre.com\/wp-content\/uploads\/2021\/08\/MUSEE-LYON-PRESENTATION_9.jpg'); height: 80vh; margin-top: 30px; margin-bottom: 30px;\"><\/div>\n<div class=\"parallax\" style=\"background-image: url('http:\/\/fabien-carre.com\/wp-content\/uploads\/2021\/08\/MUSEE-LYON-PRESENTATION_1.jpg'); height: 80vh; margin-top: 30px; margin-bottom: 30px;\"><\/div>","protected":false},"excerpt":{"rendered":"<p>Mus\u00e9e des Beaux-Arts de Lyon Avec Hirya Lab en production ex\u00e9cutive, je m&rsquo;occupe de r\u00e9aliser les vid\u00e9os du Mus\u00e9e des Beaux-Arts de Lyon. Voici 2 exemples de vid\u00e9os r\u00e9alis\u00e9es pour le mus\u00e9e : le teaser d&rsquo;une exposition et une vid\u00e9o [&hellip;]<\/p>","protected":false},"author":1,"featured_media":8030,"parent":6835,"menu_order":0,"comment_status":"closed","ping_status":"closed","template":"","meta":{"footnotes":""},"class_list":["post-8016","page","type-page","status-publish","has-post-thumbnail","hentry"],"_links":{"self":[{"href":"https:\/\/fabien-carre.com\/en\/wp-json\/wp\/v2\/pages\/8016","targetHints":{"allow":["GET"]}}],"collection":[{"href":"https:\/\/fabien-carre.com\/en\/wp-json\/wp\/v2\/pages"}],"about":[{"href":"https:\/\/fabien-carre.com\/en\/wp-json\/wp\/v2\/types\/page"}],"author":[{"embeddable":true,"href":"https:\/\/fabien-carre.com\/en\/wp-json\/wp\/v2\/users\/1"}],"replies":[{"embeddable":true,"href":"https:\/\/fabien-carre.com\/en\/wp-json\/wp\/v2\/comments?post=8016"}],"version-history":[{"count":23,"href":"https:\/\/fabien-carre.com\/en\/wp-json\/wp\/v2\/pages\/8016\/revisions"}],"predecessor-version":[{"id":8178,"href":"https:\/\/fabien-carre.com\/en\/wp-json\/wp\/v2\/pages\/8016\/revisions\/8178"}],"up":[{"embeddable":true,"href":"https:\/\/fabien-carre.com\/en\/wp-json\/wp\/v2\/pages\/6835"}],"wp:featuredmedia":[{"embeddable":true,"href":"https:\/\/fabien-carre.com\/en\/wp-json\/wp\/v2\/media\/8030"}],"wp:attachment":[{"href":"https:\/\/fabien-carre.com\/en\/wp-json\/wp\/v2\/media?parent=8016"}],"curies":[{"name":"wp","href":"https:\/\/api.w.org\/{rel}","templated":true}]}}