{"id":8236,"date":"2023-11-20T12:02:09","date_gmt":"2023-11-20T11:02:09","guid":{"rendered":"https:\/\/fabien-carre.com\/?page_id=8236"},"modified":"2025-01-15T13:21:25","modified_gmt":"2025-01-15T12:21:25","slug":"reportages-cnrs","status":"publish","type":"page","link":"https:\/\/fabien-carre.com\/en\/realisations\/projets-clients\/reportages-cnrs\/","title":{"rendered":"CNRS Documentaries"},"content":{"rendered":"<div class=\"one\" style=\"margin-top: 50px; margin-bottom: 50px;\">\n<div class=\"one_half_bg parallax\" style=\"background-image: url('http:\/\/fabien-carre.com\/wp-content\/uploads\/2023\/11\/ALCAZAR-3.jpg'); height: 800px;\"><\/div>\n<div class=\"one_half_bg\" style=\"padding: 40px;\">\n<h2 class=\"ppb_title\">CNRS Documentaries<\/h2>\n<div class=\"ppb_header_content\">\n<p>I directed several documentaries for the CNRS, and I also took care of research and writing, shooting and editing.<\/p>\n<p>The videos can be viewed with the links below.<\/p>\n<p><iframe loading=\"lazy\" width=\"585\" height=\"329\" src=\"https:\/\/www.youtube.com\/embed\/5ygx9_7yG2w?si=X7qgcZFpWfpcH_3s\" title=\"YouTube video player\" frameborder=\"0\" allow=\"accelerometer; autoplay; clipboard-write; encrypted-media; gyroscope; picture-in-picture; web-share\" referrerpolicy=\"strict-origin-when-cross-origin\" allowfullscreen><\/iframe><\/p>\n<p><iframe loading=\"lazy\" width=\"585\" height=\"329\" src=\"https:\/\/www.youtube.com\/embed\/uVDWmuAMOfc?si=UoxC116PvQUHlnbf\" title=\"YouTube video player\" frameborder=\"0\" allow=\"accelerometer; autoplay; clipboard-write; encrypted-media; gyroscope; picture-in-picture; web-share\" allowfullscreen><\/iframe><\/p>\n<p><iframe loading=\"lazy\" width=\"585\" height=\"329\" src=\"https:\/\/www.youtube.com\/embed\/_GFGyjh_hDg?si=63_CDbQ_sB2Y_LV9\" title=\"YouTube video player\" frameborder=\"0\" allow=\"accelerometer; autoplay; clipboard-write; encrypted-media; gyroscope; picture-in-picture; web-share\" allowfullscreen><\/iframe><\/p>\n<\/div>\n<\/div>\n<p>&nbsp;<\/p>\n<\/div>\n<div class=\"parallax\" style=\"background-image: url('http:\/\/fabien-carre.com\/wp-content\/uploads\/2023\/11\/GIBRALTAR-IMAGE-1.jpg'); height: 70vh;\"><\/div>\n<div class=\"parallax\" style=\"background-image: url('http:\/\/fabien-carre.com\/wp-content\/uploads\/2023\/11\/GIBRALTAR-IMAGE-33.jpg'); height: 70vh; margin-top: 40px; margin-bottom: 40px;\"\"><\/div>\n<div class=\"parallax\" style=\"background-image: url('http:\/\/fabien-carre.com\/wp-content\/uploads\/2023\/11\/ALCAZAR-4.jpg'); height: 70vh; margin-top: 40px; margin-bottom: 40px;\"\"><\/div>\n<div class=\"parallax\" style=\"background-image: url('http:\/\/fabien-carre.com\/wp-content\/uploads\/2023\/11\/ALCAZAR-1.jpg'); height: 70vh; margin-top: 40px; margin-bottom: 40px;\"\"><\/div>\n<div class=\"parallax\" style=\"background-image: url('http:\/\/fabien-carre.com\/wp-content\/uploads\/2023\/11\/ALCAZAR-2.jpg'); height: 70vh; margin-top: 40px; margin-bottom: 40px;\"><\/div>","protected":false},"excerpt":{"rendered":"<p>Reportages CNRS J&rsquo;ai r\u00e9alis\u00e9 plusieurs reportages pour le CNRS, de fa\u00e7on autonome puisque je me suis \u00e9galement occup\u00e9 des recherches en amont et de l&rsquo;\u00e9criture, du cadre et du montage. Trois de ces reportages sont visionnables avec les liens ci-dessous. [&hellip;]<\/p>","protected":false},"author":1,"featured_media":8242,"parent":6835,"menu_order":0,"comment_status":"closed","ping_status":"closed","template":"","meta":{"footnotes":""},"class_list":["post-8236","page","type-page","status-publish","has-post-thumbnail","hentry"],"_links":{"self":[{"href":"https:\/\/fabien-carre.com\/en\/wp-json\/wp\/v2\/pages\/8236","targetHints":{"allow":["GET"]}}],"collection":[{"href":"https:\/\/fabien-carre.com\/en\/wp-json\/wp\/v2\/pages"}],"about":[{"href":"https:\/\/fabien-carre.com\/en\/wp-json\/wp\/v2\/types\/page"}],"author":[{"embeddable":true,"href":"https:\/\/fabien-carre.com\/en\/wp-json\/wp\/v2\/users\/1"}],"replies":[{"embeddable":true,"href":"https:\/\/fabien-carre.com\/en\/wp-json\/wp\/v2\/comments?post=8236"}],"version-history":[{"count":18,"href":"https:\/\/fabien-carre.com\/en\/wp-json\/wp\/v2\/pages\/8236\/revisions"}],"predecessor-version":[{"id":8332,"href":"https:\/\/fabien-carre.com\/en\/wp-json\/wp\/v2\/pages\/8236\/revisions\/8332"}],"up":[{"embeddable":true,"href":"https:\/\/fabien-carre.com\/en\/wp-json\/wp\/v2\/pages\/6835"}],"wp:featuredmedia":[{"embeddable":true,"href":"https:\/\/fabien-carre.com\/en\/wp-json\/wp\/v2\/media\/8242"}],"wp:attachment":[{"href":"https:\/\/fabien-carre.com\/en\/wp-json\/wp\/v2\/media?parent=8236"}],"curies":[{"name":"wp","href":"https:\/\/api.w.org\/{rel}","templated":true}]}}