{"id":8347,"date":"2026-01-13T16:21:49","date_gmt":"2026-01-13T15:21:49","guid":{"rendered":"https:\/\/fabien-carre.com\/?page_id=8347"},"modified":"2026-01-13T16:21:49","modified_gmt":"2026-01-13T15:21:49","slug":"babylab-lyon","status":"publish","type":"page","link":"https:\/\/fabien-carre.com\/en\/realisations\/projets-clients\/babylab-lyon\/","title":{"rendered":"Babylab Lyon"},"content":{"rendered":"<div class=\"one\" style=\"margin-top: 50px; margin-bottom: 50px;\">\n<div class=\"one_half_bg parallax\" style=\"background-image: url('http:\/\/fabien-carre.com\/wp-content\/uploads\/2026\/01\/BABYLAB-LYON_screenshot-2.jpg'); height: 800px;\"><\/div>\n<div class=\"one_half_bg\" style=\"padding: 40px;\">\n<h2 class=\"ppb_title\">Babylab Lyon<\/h2>\n<div class=\"ppb_header_content\">\n<p>Babylab Lyon contacted me to make a video showcasing their work.<\/p>\n<p><iframe loading=\"lazy\" width=\"560\" height=\"315\" src=\"https:\/\/www.youtube.com\/embed\/8sMn3WuO5xQ?si=_F1lPegexR9hVL_q\" title=\"YouTube video player\" frameborder=\"0\" allow=\"accelerometer; autoplay; clipboard-write; encrypted-media; gyroscope; picture-in-picture; web-share\" referrerpolicy=\"strict-origin-when-cross-origin\" allowfullscreen><\/iframe><\/p>\n<\/div>\n<\/div>\n<p>&nbsp;<\/p>\n<\/div>\n<div class=\"parallax\" style=\"background-image: url('http:\/\/fabien-carre.com\/wp-content\/uploads\/\/2026\/01\/BABYLAB-LYON_screenshot-18.jpg'); height: 60vh;\"><\/div>\n<div class=\"parallax\" style=\"background-image: url('http:\/\/fabien-carre.com\/wp-content\/uploads\/\/2026\/01\/BABYLAB-LYON_screenshot-9.jpg'); height: 60vh; margin-top: 40px; margin-bottom: 40px;\"><\/div>","protected":false},"excerpt":{"rendered":"<p>Babylab Lyon Le Babylab de Lyon m&rsquo;a contact\u00e9 pour r\u00e9aliser une vid\u00e9o pr\u00e9sentant leur activit\u00e9. &nbsp;<\/p>","protected":false},"author":1,"featured_media":8350,"parent":6835,"menu_order":0,"comment_status":"closed","ping_status":"closed","template":"","meta":{"footnotes":""},"class_list":["post-8347","page","type-page","status-publish","has-post-thumbnail","hentry"],"_links":{"self":[{"href":"https:\/\/fabien-carre.com\/en\/wp-json\/wp\/v2\/pages\/8347","targetHints":{"allow":["GET"]}}],"collection":[{"href":"https:\/\/fabien-carre.com\/en\/wp-json\/wp\/v2\/pages"}],"about":[{"href":"https:\/\/fabien-carre.com\/en\/wp-json\/wp\/v2\/types\/page"}],"author":[{"embeddable":true,"href":"https:\/\/fabien-carre.com\/en\/wp-json\/wp\/v2\/users\/1"}],"replies":[{"embeddable":true,"href":"https:\/\/fabien-carre.com\/en\/wp-json\/wp\/v2\/comments?post=8347"}],"version-history":[{"count":9,"href":"https:\/\/fabien-carre.com\/en\/wp-json\/wp\/v2\/pages\/8347\/revisions"}],"predecessor-version":[{"id":8362,"href":"https:\/\/fabien-carre.com\/en\/wp-json\/wp\/v2\/pages\/8347\/revisions\/8362"}],"up":[{"embeddable":true,"href":"https:\/\/fabien-carre.com\/en\/wp-json\/wp\/v2\/pages\/6835"}],"wp:featuredmedia":[{"embeddable":true,"href":"https:\/\/fabien-carre.com\/en\/wp-json\/wp\/v2\/media\/8350"}],"wp:attachment":[{"href":"https:\/\/fabien-carre.com\/en\/wp-json\/wp\/v2\/media?parent=8347"}],"curies":[{"name":"wp","href":"https:\/\/api.w.org\/{rel}","templated":true}]}}