{"id":8374,"date":"2026-03-19T11:42:37","date_gmt":"2026-03-19T10:42:37","guid":{"rendered":"https:\/\/fabien-carre.com\/?page_id=8374"},"modified":"2026-03-19T11:42:37","modified_gmt":"2026-03-19T10:42:37","slug":"college-de-france","status":"publish","type":"page","link":"https:\/\/fabien-carre.com\/en\/realisations\/projets-clients\/college-de-france\/","title":{"rendered":"Coll\u00e8ge de France"},"content":{"rendered":"<div class=\"one\" style=\"margin-top: 50px; margin-bottom: 50px;\">\n<div class=\"one_half_bg parallax\" style=\"background-image: url('http:\/\/fabien-carre.com\/wp-content\/uploads\/2026\/03\/Kalulu-4.jpg'); height: 800px;\"><\/div>\n<div class=\"one_half_bg\" style=\"padding: 40px;\">\n<h2 class=\"ppb_title\">Coll\u00e8ge de France<\/h2>\n<div class=\"ppb_header_content\">\n<p>I regularly make videos for the communications department of Coll\u00e8ge de France, highlighting their research programs. In particular, I created a series of videos, which can be seen below, about Kalulu, a reading method developed by Professor Stanislas Dehaene and Ms. Cassandra Potier Watkins.<\/p>\n<p><iframe loading=\"lazy\" width=\"560\" height=\"315\" src=\"https:\/\/www.youtube.com\/embed\/L0XWMDicZ-o?si=tkBlvY_zQB6W2X7q\" title=\"YouTube video player\" frameborder=\"0\" allow=\"accelerometer; autoplay; clipboard-write; encrypted-media; gyroscope; picture-in-picture; web-share\" referrerpolicy=\"strict-origin-when-cross-origin\" allowfullscreen><\/iframe><\/p>\n<p><iframe loading=\"lazy\" width=\"560\" height=\"315\" src=\"https:\/\/www.youtube.com\/embed\/3Bf-iWrN6As?si=-j9yprWOMtSRJl4r\" title=\"YouTube video player\" frameborder=\"0\" allow=\"accelerometer; autoplay; clipboard-write; encrypted-media; gyroscope; picture-in-picture; web-share\" referrerpolicy=\"strict-origin-when-cross-origin\" allowfullscreen><\/iframe><\/p>\n<\/div>\n<\/div>\n<p>&nbsp;<\/p>\n<\/div>\n<div class=\"parallax\" style=\"background-image: url('http:\/\/fabien-carre.com\/wp-content\/uploads\/\/2026\/03\/Kalulu-3.jpg'); height: 80vh;\"><\/div>\n<div class=\"parallax\" style=\"background-image: url('http:\/\/fabien-carre.com\/wp-content\/uploads\/\/2026\/03\/Kalulu-1.jpg'); height: 80vh; margin-top: 40px; margin-bottom: 40px;\"><\/div>","protected":false},"excerpt":{"rendered":"<p>Coll\u00e8ge de France Je r\u00e9alise r\u00e9guli\u00e8rement des vid\u00e9os pour la communication de Coll\u00e8ge de France, mettant en avant leurs programmes de recherche. J&rsquo;ai notamment r\u00e9alis\u00e9 une s\u00e9rie de vid\u00e9os visible ci-dessous sur Kalulu, une m\u00e9thode d&rsquo;apprentissage de la lecture cr\u00e9\u00e9 [&hellip;]<\/p>","protected":false},"author":1,"featured_media":8379,"parent":6835,"menu_order":0,"comment_status":"closed","ping_status":"closed","template":"","meta":{"footnotes":""},"class_list":["post-8374","page","type-page","status-publish","has-post-thumbnail","hentry"],"_links":{"self":[{"href":"https:\/\/fabien-carre.com\/en\/wp-json\/wp\/v2\/pages\/8374","targetHints":{"allow":["GET"]}}],"collection":[{"href":"https:\/\/fabien-carre.com\/en\/wp-json\/wp\/v2\/pages"}],"about":[{"href":"https:\/\/fabien-carre.com\/en\/wp-json\/wp\/v2\/types\/page"}],"author":[{"embeddable":true,"href":"https:\/\/fabien-carre.com\/en\/wp-json\/wp\/v2\/users\/1"}],"replies":[{"embeddable":true,"href":"https:\/\/fabien-carre.com\/en\/wp-json\/wp\/v2\/comments?post=8374"}],"version-history":[{"count":11,"href":"https:\/\/fabien-carre.com\/en\/wp-json\/wp\/v2\/pages\/8374\/revisions"}],"predecessor-version":[{"id":8389,"href":"https:\/\/fabien-carre.com\/en\/wp-json\/wp\/v2\/pages\/8374\/revisions\/8389"}],"up":[{"embeddable":true,"href":"https:\/\/fabien-carre.com\/en\/wp-json\/wp\/v2\/pages\/6835"}],"wp:featuredmedia":[{"embeddable":true,"href":"https:\/\/fabien-carre.com\/en\/wp-json\/wp\/v2\/media\/8379"}],"wp:attachment":[{"href":"https:\/\/fabien-carre.com\/en\/wp-json\/wp\/v2\/media?parent=8374"}],"curies":[{"name":"wp","href":"https:\/\/api.w.org\/{rel}","templated":true}]}}