{"id":8397,"date":"2026-03-19T12:49:06","date_gmt":"2026-03-19T11:49:06","guid":{"rendered":"https:\/\/fabien-carre.com\/?page_id=8397"},"modified":"2026-03-19T12:59:49","modified_gmt":"2026-03-19T11:59:49","slug":"knauf","status":"publish","type":"page","link":"https:\/\/fabien-carre.com\/en\/realisations\/projets-clients\/knauf\/","title":{"rendered":"Knauf"},"content":{"rendered":"<div class=\"one\" style=\"margin-top: 50px; margin-bottom: 50px;\">\n<div class=\"one_half_bg parallax\" style=\"background-image: url('http:\/\/fabien-carre.com\/wp-content\/uploads\/2026\/03\/Knauf-6.jpg'); height: 800px;\"><\/div>\n<div class=\"one_half_bg\" style=\"padding: 40px;\">\n<h2 class=\"ppb_title\">Knauf<\/h2>\n<div class=\"ppb_header_content\">\n<p>I regularly make videos for Knauf's internal communication, including videos showcasing best practices to adopt on new processes being deployed nationally.<\/p>\n<div style=\"padding:75% 0 0 0;position:relative;\"><iframe src=\"https:\/\/player.vimeo.com\/video\/1175123749?h=46c94cce2d&amp;badge=0&amp;autopause=0&amp;player_id=0&amp;app_id=58479\" frameborder=\"0\" allow=\"autoplay; fullscreen; picture-in-picture; clipboard-write; encrypted-media; web-share\" referrerpolicy=\"strict-origin-when-cross-origin\" style=\"position:absolute;top:0;left:0;width:100%;height:100%;\" title=\"Knauf - Acc\u00e8s s\u00e9curis\u00e9 et consignation\"><\/iframe><\/div>\n<p><script src=\"https:\/\/player.vimeo.com\/api\/player.js\"><\/script><\/p>\n<div style=\"padding:56.25% 0 0 0;position:relative;\"><iframe src=\"https:\/\/player.vimeo.com\/video\/1175113128?h=2444ffc0ac&amp;badge=0&amp;autopause=0&amp;player_id=0&amp;app_id=58479\" frameborder=\"0\" allow=\"autoplay; fullscreen; picture-in-picture; clipboard-write; encrypted-media; web-share\" referrerpolicy=\"strict-origin-when-cross-origin\" style=\"position:absolute;top:0;left:0;width:100%;height:100%;\" title=\"Knauf - Le r\u00f4le de coordinateur de production\"><\/iframe><\/div>\n<p><script src=\"https:\/\/player.vimeo.com\/api\/player.js\"><\/script><\/p>\n<\/div>\n<\/div>\n<p>&nbsp;<\/p>\n<\/div>\n<div class=\"parallax\" style=\"background-image: url('http:\/\/fabien-carre.com\/wp-content\/uploads\/\/2026\/03\/Knauf-2.jpg'); height: 80vh; margin-top: 40px; margin-bottom: 40px;\"><\/div>\n<div class=\"parallax\" style=\"background-image: url('http:\/\/fabien-carre.com\/wp-content\/uploads\/\/2026\/03\/Knauf-1.jpg'); height: 80vh; margin-top: 40px; margin-bottom: 40px;\"><\/div>\n<div class=\"parallax\" style=\"background-image: url('http:\/\/fabien-carre.com\/wp-content\/uploads\/\/2026\/03\/Knauf-3.jpg'); height: 80vh; margin-top: 40px; margin-bottom: 40px;\"><\/div>\n<div class=\"parallax\" style=\"background-image: url('http:\/\/fabien-carre.com\/wp-content\/uploads\/\/2026\/03\/Knauf-5.jpg'); height: 80vh; margin-top: 40px; margin-bottom: 40px;\"><\/div>","protected":false},"excerpt":{"rendered":"<p>Knauf Je r\u00e9alise r\u00e9guli\u00e8rement des vid\u00e9os pour la communication interne de Knauf, notamment des vid\u00e9os mettant en sc\u00e8ne les bonnes pratiques \u00e0 adopter sur de nouveaux processus en cours de d\u00e9ploiement au niveau national. &nbsp;<\/p>","protected":false},"author":1,"featured_media":8402,"parent":6835,"menu_order":0,"comment_status":"closed","ping_status":"closed","template":"","meta":{"footnotes":""},"class_list":["post-8397","page","type-page","status-publish","has-post-thumbnail","hentry"],"_links":{"self":[{"href":"https:\/\/fabien-carre.com\/en\/wp-json\/wp\/v2\/pages\/8397","targetHints":{"allow":["GET"]}}],"collection":[{"href":"https:\/\/fabien-carre.com\/en\/wp-json\/wp\/v2\/pages"}],"about":[{"href":"https:\/\/fabien-carre.com\/en\/wp-json\/wp\/v2\/types\/page"}],"author":[{"embeddable":true,"href":"https:\/\/fabien-carre.com\/en\/wp-json\/wp\/v2\/users\/1"}],"replies":[{"embeddable":true,"href":"https:\/\/fabien-carre.com\/en\/wp-json\/wp\/v2\/comments?post=8397"}],"version-history":[{"count":7,"href":"https:\/\/fabien-carre.com\/en\/wp-json\/wp\/v2\/pages\/8397\/revisions"}],"predecessor-version":[{"id":8411,"href":"https:\/\/fabien-carre.com\/en\/wp-json\/wp\/v2\/pages\/8397\/revisions\/8411"}],"up":[{"embeddable":true,"href":"https:\/\/fabien-carre.com\/en\/wp-json\/wp\/v2\/pages\/6835"}],"wp:featuredmedia":[{"embeddable":true,"href":"https:\/\/fabien-carre.com\/en\/wp-json\/wp\/v2\/media\/8402"}],"wp:attachment":[{"href":"https:\/\/fabien-carre.com\/en\/wp-json\/wp\/v2\/media?parent=8397"}],"curies":[{"name":"wp","href":"https:\/\/api.w.org\/{rel}","templated":true}]}}